{"id":60,"date":"2020-03-07T15:15:24","date_gmt":"2020-03-07T15:15:24","guid":{"rendered":"http:\/\/enterbar.hu\/enteradmin\/?page_id=60"},"modified":"2020-07-13T10:28:30","modified_gmt":"2020-07-13T10:28:30","slug":"gyerekprogramok","status":"publish","type":"page","link":"https:\/\/enterbar.hu\/enteradmin\/rendezvenyek\/gyerekprogramok\/","title":{"rendered":"Csal\u00e1d \u00e9s gyerekbar\u00e1t programok (ak\u00e1r 100 f\u0151ig)"},"content":{"rendered":"\n<p class=\"has-text-align-center\">T\u00f6ltsetek el n\u00e1lunk egy j\u00f3 d\u00e9lut\u00e1nt a gyerekekkel, vagy szervezz\u00e9tek hozz\u00e1nk a k\u00f6vetkez\u0151 gyerekzs\u00fart! A felh\u0151tlen sz\u00f3rakoz\u00e1st a t\u00e1rsasj\u00e1t\u00e9kaink \u00e9s videoj\u00e1t\u00e9k k\u00edn\u00e1latunk garant\u00e1lja gyerekeknek \u00e9s feln\u0151tteknek egyar\u00e1nt. Konyh\u00e1nk finom \u00e9telekkel, m\u00edg b\u00e1rpultunk alkoholmentes italokkal v\u00e1rja a fiatalokat is.<\/p>\n\n\n\n<figure class=\"wp-block-gallery columns-3 is-cropped\"><ul class=\"blocks-gallery-grid\"><li class=\"blocks-gallery-item\"><figure><img loading=\"lazy\" width=\"683\" height=\"1024\" src=\"http:\/\/enterbar.hu\/enteradmin\/wp-content\/uploads\/2020\/04\/099-683x1024.jpg\" alt=\"\" data-id=\"157\" data-full-url=\"http:\/\/enterbar.hu\/enteradmin\/wp-content\/uploads\/2020\/04\/099-scaled.jpg\" data-link=\"http:\/\/enterbar.hu\/enteradmin\/099\/\" class=\"wp-image-157\" srcset=\"https:\/\/enterbar.hu\/enteradmin\/wp-content\/uploads\/2020\/04\/099-683x1024.jpg 683w, https:\/\/enterbar.hu\/enteradmin\/wp-content\/uploads\/2020\/04\/099-200x300.jpg 200w, https:\/\/enterbar.hu\/enteradmin\/wp-content\/uploads\/2020\/04\/099-768x1152.jpg 768w, https:\/\/enterbar.hu\/enteradmin\/wp-content\/uploads\/2020\/04\/099-1024x1536.jpg 1024w, https:\/\/enterbar.hu\/enteradmin\/wp-content\/uploads\/2020\/04\/099-1366x2048.jpg 1366w, https:\/\/enterbar.hu\/enteradmin\/wp-content\/uploads\/2020\/04\/099-1200x1800.jpg 1200w, https:\/\/enterbar.hu\/enteradmin\/wp-content\/uploads\/2020\/04\/099-1980x2970.jpg 1980w, https:\/\/enterbar.hu\/enteradmin\/wp-content\/uploads\/2020\/04\/099-scaled.jpg 1707w\" sizes=\"(max-width: 683px) 100vw, 683px\" \/><\/figure><\/li><li class=\"blocks-gallery-item\"><figure><img loading=\"lazy\" width=\"1024\" height=\"540\" src=\"http:\/\/enterbar.hu\/enteradmin\/wp-content\/uploads\/2020\/04\/ke\u0301pek.00_07_06_08.Still086-1024x540.jpg\" alt=\"\" data-id=\"166\" data-full-url=\"http:\/\/enterbar.hu\/enteradmin\/wp-content\/uploads\/2020\/04\/ke\u0301pek.00_07_06_08.Still086-scaled.jpg\" data-link=\"http:\/\/enterbar.hu\/enteradmin\/kepek-00_07_06_08-still086\/\" class=\"wp-image-166\" srcset=\"https:\/\/enterbar.hu\/enteradmin\/wp-content\/uploads\/2020\/04\/ke\u0301pek.00_07_06_08.Still086-1024x540.jpg 1024w, https:\/\/enterbar.hu\/enteradmin\/wp-content\/uploads\/2020\/04\/ke\u0301pek.00_07_06_08.Still086-300x158.jpg 300w, https:\/\/enterbar.hu\/enteradmin\/wp-content\/uploads\/2020\/04\/ke\u0301pek.00_07_06_08.Still086-768x405.jpg 768w, https:\/\/enterbar.hu\/enteradmin\/wp-content\/uploads\/2020\/04\/ke\u0301pek.00_07_06_08.Still086-1536x810.jpg 1536w, https:\/\/enterbar.hu\/enteradmin\/wp-content\/uploads\/2020\/04\/ke\u0301pek.00_07_06_08.Still086-2048x1080.jpg 2048w, https:\/\/enterbar.hu\/enteradmin\/wp-content\/uploads\/2020\/04\/ke\u0301pek.00_07_06_08.Still086-1200x633.jpg 1200w, https:\/\/enterbar.hu\/enteradmin\/wp-content\/uploads\/2020\/04\/ke\u0301pek.00_07_06_08.Still086-1980x1044.jpg 1980w\" sizes=\"(max-width: 1024px) 100vw, 1024px\" \/><\/figure><\/li><li class=\"blocks-gallery-item\"><figure><img loading=\"lazy\" width=\"1024\" height=\"683\" src=\"http:\/\/enterbar.hu\/enteradmin\/wp-content\/uploads\/2020\/04\/061-1024x683.jpg\" alt=\"\" data-id=\"152\" data-full-url=\"http:\/\/enterbar.hu\/enteradmin\/wp-content\/uploads\/2020\/04\/061-scaled.jpg\" data-link=\"http:\/\/enterbar.hu\/enteradmin\/061\/\" class=\"wp-image-152\" srcset=\"https:\/\/enterbar.hu\/enteradmin\/wp-content\/uploads\/2020\/04\/061-1024x683.jpg 1024w, https:\/\/enterbar.hu\/enteradmin\/wp-content\/uploads\/2020\/04\/061-300x200.jpg 300w, https:\/\/enterbar.hu\/enteradmin\/wp-content\/uploads\/2020\/04\/061-768x512.jpg 768w, https:\/\/enterbar.hu\/enteradmin\/wp-content\/uploads\/2020\/04\/061-1536x1024.jpg 1536w, https:\/\/enterbar.hu\/enteradmin\/wp-content\/uploads\/2020\/04\/061-2048x1366.jpg 2048w, https:\/\/enterbar.hu\/enteradmin\/wp-content\/uploads\/2020\/04\/061-1200x800.jpg 1200w, https:\/\/enterbar.hu\/enteradmin\/wp-content\/uploads\/2020\/04\/061-1980x1320.jpg 1980w\" sizes=\"(max-width: 1024px) 100vw, 1024px\" \/><\/figure><\/li><\/ul><\/figure>\n","protected":false},"excerpt":{"rendered":"<p>T\u00f6ltsetek el n\u00e1lunk egy j\u00f3 d\u00e9lut\u00e1nt a gyerekekkel, vagy szervezz\u00e9tek hozz\u00e1nk a k\u00f6vetkez\u0151 gyerekzs\u00fart! A felh\u0151tlen sz\u00f3rakoz\u00e1st a t\u00e1rsasj\u00e1t\u00e9kaink \u00e9s videoj\u00e1t\u00e9k k\u00edn\u00e1latunk garant\u00e1lja gyerekeknek \u00e9s feln\u0151tteknek egyar\u00e1nt. Konyh\u00e1nk finom \u00e9telekkel, m\u00edg b\u00e1rpultunk alkoholmentes italokkal v\u00e1rja a fiatalokat is.<\/p>\n","protected":false},"author":1,"featured_media":0,"parent":32,"menu_order":10,"comment_status":"closed","ping_status":"closed","template":"","meta":[],"_yoast_wpseo_content_score":"","_yoast_wpseo_focuskw":"","_yoast_wpseo_linkdex":"","_yoast_wpseo_metadesc":"","acf":{"rendezveny_kepe":"https:\/\/enterbar.hu\/enteradmin\/wp-content\/uploads\/2020\/03\/kids_program.png"},"yoast_head":"<!-- This site is optimized with the Yoast SEO plugin v14.9 - https:\/\/yoast.com\/wordpress\/plugins\/seo\/ -->\n<title>Csal\u00e1d \u00e9s gyerekbar\u00e1t programok (ak\u00e1r 100 f\u0151ig) - EnterBar<\/title>\n<meta name=\"robots\" content=\"index, follow, max-snippet:-1, max-image-preview:large, max-video-preview:-1\" \/>\n<link rel=\"canonical\" href=\"https:\/\/enterbar.hu\/enteradmin\/rendezvenyek\/gyerekprogramok\/\" \/>\n<meta property=\"og:locale\" content=\"hu_HU\" \/>\n<meta property=\"og:type\" content=\"article\" \/>\n<meta property=\"og:title\" content=\"Csal\u00e1d \u00e9s gyerekbar\u00e1t programok (ak\u00e1r 100 f\u0151ig) - EnterBar\" \/>\n<meta property=\"og:description\" content=\"T\u00f6ltsetek el n\u00e1lunk egy j\u00f3 d\u00e9lut\u00e1nt a gyerekekkel, vagy szervezz\u00e9tek hozz\u00e1nk a k\u00f6vetkez\u0151 gyerekzs\u00fart! A felh\u0151tlen sz\u00f3rakoz\u00e1st a t\u00e1rsasj\u00e1t\u00e9kaink \u00e9s videoj\u00e1t\u00e9k k\u00edn\u00e1latunk garant\u00e1lja gyerekeknek \u00e9s feln\u0151tteknek egyar\u00e1nt. Konyh\u00e1nk finom \u00e9telekkel, m\u00edg b\u00e1rpultunk alkoholmentes italokkal v\u00e1rja a fiatalokat is.\" \/>\n<meta property=\"og:url\" content=\"https:\/\/enterbar.hu\/enteradmin\/rendezvenyek\/gyerekprogramok\/\" \/>\n<meta property=\"og:site_name\" content=\"EnterBar\" \/>\n<meta property=\"article:modified_time\" content=\"2020-07-13T10:28:30+00:00\" \/>\n<meta property=\"og:image\" content=\"http:\/\/enterbar.hu\/enteradmin\/wp-content\/uploads\/2020\/04\/099-683x1024.jpg\" \/>\n<meta name=\"twitter:card\" content=\"summary_large_image\" \/>\n<script type=\"application\/ld+json\" class=\"yoast-schema-graph\">{\"@context\":\"https:\/\/schema.org\",\"@graph\":[{\"@type\":\"WebSite\",\"@id\":\"https:\/\/enterbar.hu\/enteradmin\/#website\",\"url\":\"https:\/\/enterbar.hu\/enteradmin\/\",\"name\":\"EnterBar\",\"description\":\"...egy \\u00fajabb WordPress honlap...\",\"potentialAction\":[{\"@type\":\"SearchAction\",\"target\":\"https:\/\/enterbar.hu\/enteradmin\/?s={search_term_string}\",\"query-input\":\"required name=search_term_string\"}],\"inLanguage\":\"hu\"},{\"@type\":\"ImageObject\",\"@id\":\"https:\/\/enterbar.hu\/enteradmin\/rendezvenyek\/gyerekprogramok\/#primaryimage\",\"inLanguage\":\"hu\",\"url\":\"http:\/\/enterbar.hu\/enteradmin\/wp-content\/uploads\/2020\/04\/099-683x1024.jpg\"},{\"@type\":\"WebPage\",\"@id\":\"https:\/\/enterbar.hu\/enteradmin\/rendezvenyek\/gyerekprogramok\/#webpage\",\"url\":\"https:\/\/enterbar.hu\/enteradmin\/rendezvenyek\/gyerekprogramok\/\",\"name\":\"Csal\\u00e1d \\u00e9s gyerekbar\\u00e1t programok (ak\\u00e1r 100 f\\u0151ig) - EnterBar\",\"isPartOf\":{\"@id\":\"https:\/\/enterbar.hu\/enteradmin\/#website\"},\"primaryImageOfPage\":{\"@id\":\"https:\/\/enterbar.hu\/enteradmin\/rendezvenyek\/gyerekprogramok\/#primaryimage\"},\"datePublished\":\"2020-03-07T15:15:24+00:00\",\"dateModified\":\"2020-07-13T10:28:30+00:00\",\"inLanguage\":\"hu\",\"potentialAction\":[{\"@type\":\"ReadAction\",\"target\":[\"https:\/\/enterbar.hu\/enteradmin\/rendezvenyek\/gyerekprogramok\/\"]}]}]}<\/script>\n<!-- \/ Yoast SEO plugin. -->","yoast_title":"Csal\u00e1d \u00e9s gyerekbar\u00e1t programok (ak\u00e1r 100 f\u0151ig) - EnterBar","yoast_meta":[{"name":"robots","content":"index, follow, max-snippet:-1, max-image-preview:large, max-video-preview:-1"},{"property":"og:locale","content":"hu_HU"},{"property":"og:type","content":"article"},{"property":"og:title","content":"Csal\u00e1d \u00e9s gyerekbar\u00e1t programok (ak\u00e1r 100 f\u0151ig) - EnterBar"},{"property":"og:description","content":"T\u00f6ltsetek el n\u00e1lunk egy j\u00f3 d\u00e9lut\u00e1nt a gyerekekkel, vagy szervezz\u00e9tek hozz\u00e1nk a k\u00f6vetkez\u0151 gyerekzs\u00fart! A felh\u0151tlen sz\u00f3rakoz\u00e1st a t\u00e1rsasj\u00e1t\u00e9kaink \u00e9s videoj\u00e1t\u00e9k k\u00edn\u00e1latunk garant\u00e1lja gyerekeknek \u00e9s feln\u0151tteknek egyar\u00e1nt. Konyh\u00e1nk finom \u00e9telekkel, m\u00edg b\u00e1rpultunk alkoholmentes italokkal v\u00e1rja a fiatalokat is."},{"property":"og:url","content":"https:\/\/enterbar.hu\/enteradmin\/rendezvenyek\/gyerekprogramok\/"},{"property":"og:site_name","content":"EnterBar"},{"property":"article:modified_time","content":"2020-07-13T10:28:30+00:00"},{"property":"og:image","content":"http:\/\/enterbar.hu\/enteradmin\/wp-content\/uploads\/2020\/04\/099-683x1024.jpg"},{"name":"twitter:card","content":"summary_large_image"}],"yoast_json_ld":[{"@context":"https:\/\/schema.org","@graph":[{"@type":"WebSite","@id":"https:\/\/enterbar.hu\/enteradmin\/#website","url":"https:\/\/enterbar.hu\/enteradmin\/","name":"EnterBar","description":"...egy \u00fajabb WordPress honlap...","potentialAction":[{"@type":"SearchAction","target":"https:\/\/enterbar.hu\/enteradmin\/?s={search_term_string}","query-input":"required name=search_term_string"}],"inLanguage":"hu"},{"@type":"ImageObject","@id":"https:\/\/enterbar.hu\/enteradmin\/rendezvenyek\/gyerekprogramok\/#primaryimage","inLanguage":"hu","url":"http:\/\/enterbar.hu\/enteradmin\/wp-content\/uploads\/2020\/04\/099-683x1024.jpg"},{"@type":"WebPage","@id":"https:\/\/enterbar.hu\/enteradmin\/rendezvenyek\/gyerekprogramok\/#webpage","url":"https:\/\/enterbar.hu\/enteradmin\/rendezvenyek\/gyerekprogramok\/","name":"Csal\u00e1d \u00e9s gyerekbar\u00e1t programok (ak\u00e1r 100 f\u0151ig) - EnterBar","isPartOf":{"@id":"https:\/\/enterbar.hu\/enteradmin\/#website"},"primaryImageOfPage":{"@id":"https:\/\/enterbar.hu\/enteradmin\/rendezvenyek\/gyerekprogramok\/#primaryimage"},"datePublished":"2020-03-07T15:15:24+00:00","dateModified":"2020-07-13T10:28:30+00:00","inLanguage":"hu","potentialAction":[{"@type":"ReadAction","target":["https:\/\/enterbar.hu\/enteradmin\/rendezvenyek\/gyerekprogramok\/"]}]}]}],"_links":{"self":[{"href":"https:\/\/enterbar.hu\/enteradmin\/wp-json\/wp\/v2\/pages\/60"}],"collection":[{"href":"https:\/\/enterbar.hu\/enteradmin\/wp-json\/wp\/v2\/pages"}],"about":[{"href":"https:\/\/enterbar.hu\/enteradmin\/wp-json\/wp\/v2\/types\/page"}],"author":[{"embeddable":true,"href":"https:\/\/enterbar.hu\/enteradmin\/wp-json\/wp\/v2\/users\/1"}],"replies":[{"embeddable":true,"href":"https:\/\/enterbar.hu\/enteradmin\/wp-json\/wp\/v2\/comments?post=60"}],"version-history":[{"count":6,"href":"https:\/\/enterbar.hu\/enteradmin\/wp-json\/wp\/v2\/pages\/60\/revisions"}],"predecessor-version":[{"id":208,"href":"https:\/\/enterbar.hu\/enteradmin\/wp-json\/wp\/v2\/pages\/60\/revisions\/208"}],"up":[{"embeddable":true,"href":"https:\/\/enterbar.hu\/enteradmin\/wp-json\/wp\/v2\/pages\/32"}],"wp:attachment":[{"href":"https:\/\/enterbar.hu\/enteradmin\/wp-json\/wp\/v2\/media?parent=60"}],"curies":[{"name":"wp","href":"https:\/\/api.w.org\/{rel}","templated":true}]}}