{"id":58,"date":"2020-03-07T17:15:06","date_gmt":"2020-03-07T17:15:06","guid":{"rendered":"http:\/\/enterbar.hu\/enteradmin\/?page_id=58"},"modified":"2020-07-13T10:27:41","modified_gmt":"2020-07-13T10:27:41","slug":"barati-osszejovetelek","status":"publish","type":"page","link":"https:\/\/enterbar.hu\/enteradmin\/rendezvenyek\/barati-osszejovetelek\/","title":{"rendered":"Bar\u00e1ti \u00f6sszej\u00f6vetelek (ak\u00e1r 100 f\u0151ig)"},"content":{"rendered":"\n<p class=\"has-text-align-center\">Foglaljatok asztalt 3 term\u00fcnk egyik\u00e9ben, hogy a sz\u00e1motokra legmegfelel\u0151bb helyen kapcsol\u00f3dhassatok ki! Asztalainkat a k\u00e9nyelmes 4-6 f\u0151s t\u00e1rsasj\u00e1t\u00e9koz\u00e1shoz alak\u00edtottuk ki, de ak\u00e1r 8-10 f\u0151 is elf\u00e9r egy j\u00f3 partyj\u00e1t\u00e9kra. K\u00f6z\u00f6ns\u00e9gtal\u00e1lkoz\u00f3kra, nagyobb t\u00e1rsas\u00e1gi esem\u00e9nyek, sz\u00fclinapok befogad\u00e1s\u00e1ra alkalmas helyet tudunk biztos\u00edtani k\u00f6z\u00e9ps\u0151 \u00e9s h\u00e1ts\u00f3 term\u00fcnkben, ha elk\u00fcl\u00f6n\u00edtve, kicsit z\u00e1rtk\u00f6r\u0171s\u00edtve mulatn\u00e1tok. Els\u0151 \u00e9s k\u00f6z\u00e9ps\u0151 term\u00fcnk els\u0151sorban t\u00e1rsasj\u00e1t\u00e9koz\u00e1sra alkalmas, m\u00edg h\u00e1ts\u00f3 term\u00fcnkben k\u00e9nyelmes, nappalit id\u00e9z\u0151 hangulatban tudtok j\u00e1t\u00e9kkonzolozni, vagy e-sport \u00e9s egy\u00e9b sportesem\u00e9nyeket, streameket k\u00f6vetni. VIP p\u00e1holyainkban kivet\u00edt\u0151 v\u00e1r! Ig\u00e9ny eset\u00e9n a t\u00e1rsas\u00e1gra szabott italcsomaggal v\u00e1runk.<\/p>\n\n\n\n<figure class=\"wp-block-gallery columns-3 is-cropped\"><ul class=\"blocks-gallery-grid\"><li class=\"blocks-gallery-item\"><figure><img loading=\"lazy\" width=\"1024\" height=\"540\" src=\"http:\/\/enterbar.hu\/enteradmin\/wp-content\/uploads\/2020\/04\/ke\u0301pek.00_07_26_17.Still090-1024x540.jpg\" alt=\"\" data-id=\"168\" data-full-url=\"http:\/\/enterbar.hu\/enteradmin\/wp-content\/uploads\/2020\/04\/ke\u0301pek.00_07_26_17.Still090-scaled.jpg\" data-link=\"http:\/\/enterbar.hu\/enteradmin\/kepek-00_07_26_17-still090\/\" class=\"wp-image-168\" srcset=\"https:\/\/enterbar.hu\/enteradmin\/wp-content\/uploads\/2020\/04\/ke\u0301pek.00_07_26_17.Still090-1024x540.jpg 1024w, https:\/\/enterbar.hu\/enteradmin\/wp-content\/uploads\/2020\/04\/ke\u0301pek.00_07_26_17.Still090-300x158.jpg 300w, https:\/\/enterbar.hu\/enteradmin\/wp-content\/uploads\/2020\/04\/ke\u0301pek.00_07_26_17.Still090-768x405.jpg 768w, https:\/\/enterbar.hu\/enteradmin\/wp-content\/uploads\/2020\/04\/ke\u0301pek.00_07_26_17.Still090-1536x810.jpg 1536w, https:\/\/enterbar.hu\/enteradmin\/wp-content\/uploads\/2020\/04\/ke\u0301pek.00_07_26_17.Still090-2048x1080.jpg 2048w, https:\/\/enterbar.hu\/enteradmin\/wp-content\/uploads\/2020\/04\/ke\u0301pek.00_07_26_17.Still090-1200x633.jpg 1200w, https:\/\/enterbar.hu\/enteradmin\/wp-content\/uploads\/2020\/04\/ke\u0301pek.00_07_26_17.Still090-1980x1044.jpg 1980w\" sizes=\"(max-width: 1024px) 100vw, 1024px\" \/><\/figure><\/li><li class=\"blocks-gallery-item\"><figure><img loading=\"lazy\" width=\"1024\" height=\"683\" src=\"http:\/\/enterbar.hu\/enteradmin\/wp-content\/uploads\/2020\/04\/050-1024x683.jpg\" alt=\"\" data-id=\"150\" data-full-url=\"http:\/\/enterbar.hu\/enteradmin\/wp-content\/uploads\/2020\/04\/050-scaled.jpg\" data-link=\"http:\/\/enterbar.hu\/enteradmin\/050\/\" class=\"wp-image-150\" srcset=\"https:\/\/enterbar.hu\/enteradmin\/wp-content\/uploads\/2020\/04\/050-1024x683.jpg 1024w, https:\/\/enterbar.hu\/enteradmin\/wp-content\/uploads\/2020\/04\/050-300x200.jpg 300w, https:\/\/enterbar.hu\/enteradmin\/wp-content\/uploads\/2020\/04\/050-768x512.jpg 768w, https:\/\/enterbar.hu\/enteradmin\/wp-content\/uploads\/2020\/04\/050-1536x1024.jpg 1536w, https:\/\/enterbar.hu\/enteradmin\/wp-content\/uploads\/2020\/04\/050-2048x1366.jpg 2048w, https:\/\/enterbar.hu\/enteradmin\/wp-content\/uploads\/2020\/04\/050-1200x800.jpg 1200w, https:\/\/enterbar.hu\/enteradmin\/wp-content\/uploads\/2020\/04\/050-1980x1320.jpg 1980w\" sizes=\"(max-width: 1024px) 100vw, 1024px\" \/><\/figure><\/li><li class=\"blocks-gallery-item\"><figure><img loading=\"lazy\" width=\"1024\" height=\"540\" src=\"http:\/\/enterbar.hu\/enteradmin\/wp-content\/uploads\/2020\/04\/ke\u0301pek.00_07_03_23.Still085-1024x540.jpg\" alt=\"\" data-id=\"165\" data-full-url=\"http:\/\/enterbar.hu\/enteradmin\/wp-content\/uploads\/2020\/04\/ke\u0301pek.00_07_03_23.Still085-scaled.jpg\" data-link=\"http:\/\/enterbar.hu\/enteradmin\/kepek-00_07_03_23-still085\/\" class=\"wp-image-165\" srcset=\"https:\/\/enterbar.hu\/enteradmin\/wp-content\/uploads\/2020\/04\/ke\u0301pek.00_07_03_23.Still085-1024x540.jpg 1024w, https:\/\/enterbar.hu\/enteradmin\/wp-content\/uploads\/2020\/04\/ke\u0301pek.00_07_03_23.Still085-300x158.jpg 300w, https:\/\/enterbar.hu\/enteradmin\/wp-content\/uploads\/2020\/04\/ke\u0301pek.00_07_03_23.Still085-768x405.jpg 768w, https:\/\/enterbar.hu\/enteradmin\/wp-content\/uploads\/2020\/04\/ke\u0301pek.00_07_03_23.Still085-1536x810.jpg 1536w, https:\/\/enterbar.hu\/enteradmin\/wp-content\/uploads\/2020\/04\/ke\u0301pek.00_07_03_23.Still085-2048x1080.jpg 2048w, https:\/\/enterbar.hu\/enteradmin\/wp-content\/uploads\/2020\/04\/ke\u0301pek.00_07_03_23.Still085-1200x633.jpg 1200w, https:\/\/enterbar.hu\/enteradmin\/wp-content\/uploads\/2020\/04\/ke\u0301pek.00_07_03_23.Still085-1980x1044.jpg 1980w\" sizes=\"(max-width: 1024px) 100vw, 1024px\" \/><\/figure><\/li><\/ul><\/figure>\n","protected":false},"excerpt":{"rendered":"<p>Foglaljatok asztalt 3 term\u00fcnk egyik\u00e9ben, hogy a sz\u00e1motokra legmegfelel\u0151bb helyen kapcsol\u00f3dhassatok ki! Asztalainkat a k\u00e9nyelmes 4-6 f\u0151s t\u00e1rsasj\u00e1t\u00e9koz\u00e1shoz alak\u00edtottuk ki, de ak\u00e1r 8-10 f\u0151 is elf\u00e9r egy j\u00f3 partyj\u00e1t\u00e9kra. K\u00f6z\u00f6ns\u00e9gtal\u00e1lkoz\u00f3kra, nagyobb t\u00e1rsas\u00e1gi esem\u00e9nyek, sz\u00fclinapok befogad\u00e1s\u00e1ra alkalmas helyet tudunk biztos\u00edtani k\u00f6z\u00e9ps\u0151 \u00e9s h\u00e1ts\u00f3 term\u00fcnkben, ha elk\u00fcl\u00f6n\u00edtve, kicsit z\u00e1rtk\u00f6r\u0171s\u00edtve mulatn\u00e1tok. Els\u0151 \u00e9s k\u00f6z\u00e9ps\u0151 term\u00fcnk els\u0151sorban t\u00e1rsasj\u00e1t\u00e9koz\u00e1sra alkalmas, [&hellip;]<\/p>\n","protected":false},"author":1,"featured_media":0,"parent":32,"menu_order":9,"comment_status":"closed","ping_status":"closed","template":"","meta":[],"_yoast_wpseo_content_score":"","_yoast_wpseo_focuskw":"","_yoast_wpseo_linkdex":"","_yoast_wpseo_metadesc":"","acf":{"rendezveny_kepe":"https:\/\/enterbar.hu\/enteradmin\/wp-content\/uploads\/2020\/03\/friends_party.png"},"yoast_head":"<!-- This site is optimized with the Yoast SEO plugin v14.9 - https:\/\/yoast.com\/wordpress\/plugins\/seo\/ -->\n<title>Bar\u00e1ti \u00f6sszej\u00f6vetelek (ak\u00e1r 100 f\u0151ig) - EnterBar<\/title>\n<meta name=\"robots\" content=\"index, follow, max-snippet:-1, max-image-preview:large, max-video-preview:-1\" \/>\n<link rel=\"canonical\" href=\"https:\/\/enterbar.hu\/enteradmin\/rendezvenyek\/barati-osszejovetelek\/\" \/>\n<meta property=\"og:locale\" content=\"hu_HU\" \/>\n<meta property=\"og:type\" content=\"article\" \/>\n<meta property=\"og:title\" content=\"Bar\u00e1ti \u00f6sszej\u00f6vetelek (ak\u00e1r 100 f\u0151ig) - EnterBar\" \/>\n<meta property=\"og:description\" content=\"Foglaljatok asztalt 3 term\u00fcnk egyik\u00e9ben, hogy a sz\u00e1motokra legmegfelel\u0151bb helyen kapcsol\u00f3dhassatok ki! Asztalainkat a k\u00e9nyelmes 4-6 f\u0151s t\u00e1rsasj\u00e1t\u00e9koz\u00e1shoz alak\u00edtottuk ki, de ak\u00e1r 8-10 f\u0151 is elf\u00e9r egy j\u00f3 partyj\u00e1t\u00e9kra. K\u00f6z\u00f6ns\u00e9gtal\u00e1lkoz\u00f3kra, nagyobb t\u00e1rsas\u00e1gi esem\u00e9nyek, sz\u00fclinapok befogad\u00e1s\u00e1ra alkalmas helyet tudunk biztos\u00edtani k\u00f6z\u00e9ps\u0151 \u00e9s h\u00e1ts\u00f3 term\u00fcnkben, ha elk\u00fcl\u00f6n\u00edtve, kicsit z\u00e1rtk\u00f6r\u0171s\u00edtve mulatn\u00e1tok. Els\u0151 \u00e9s k\u00f6z\u00e9ps\u0151 term\u00fcnk els\u0151sorban t\u00e1rsasj\u00e1t\u00e9koz\u00e1sra alkalmas, [&hellip;]\" \/>\n<meta property=\"og:url\" content=\"https:\/\/enterbar.hu\/enteradmin\/rendezvenyek\/barati-osszejovetelek\/\" \/>\n<meta property=\"og:site_name\" content=\"EnterBar\" \/>\n<meta property=\"article:modified_time\" content=\"2020-07-13T10:27:41+00:00\" \/>\n<meta property=\"og:image\" content=\"http:\/\/enterbar.hu\/enteradmin\/wp-content\/uploads\/2020\/04\/ke\u0301pek.00_07_26_17.Still090-1024x540.jpg\" \/>\n<meta name=\"twitter:card\" content=\"summary_large_image\" \/>\n<script type=\"application\/ld+json\" class=\"yoast-schema-graph\">{\"@context\":\"https:\/\/schema.org\",\"@graph\":[{\"@type\":\"WebSite\",\"@id\":\"https:\/\/enterbar.hu\/enteradmin\/#website\",\"url\":\"https:\/\/enterbar.hu\/enteradmin\/\",\"name\":\"EnterBar\",\"description\":\"...egy \\u00fajabb WordPress honlap...\",\"potentialAction\":[{\"@type\":\"SearchAction\",\"target\":\"https:\/\/enterbar.hu\/enteradmin\/?s={search_term_string}\",\"query-input\":\"required name=search_term_string\"}],\"inLanguage\":\"hu\"},{\"@type\":\"ImageObject\",\"@id\":\"https:\/\/enterbar.hu\/enteradmin\/rendezvenyek\/barati-osszejovetelek\/#primaryimage\",\"inLanguage\":\"hu\",\"url\":\"http:\/\/enterbar.hu\/enteradmin\/wp-content\/uploads\/2020\/04\/ke\\u0301pek.00_07_26_17.Still090-1024x540.jpg\"},{\"@type\":\"WebPage\",\"@id\":\"https:\/\/enterbar.hu\/enteradmin\/rendezvenyek\/barati-osszejovetelek\/#webpage\",\"url\":\"https:\/\/enterbar.hu\/enteradmin\/rendezvenyek\/barati-osszejovetelek\/\",\"name\":\"Bar\\u00e1ti \\u00f6sszej\\u00f6vetelek (ak\\u00e1r 100 f\\u0151ig) - EnterBar\",\"isPartOf\":{\"@id\":\"https:\/\/enterbar.hu\/enteradmin\/#website\"},\"primaryImageOfPage\":{\"@id\":\"https:\/\/enterbar.hu\/enteradmin\/rendezvenyek\/barati-osszejovetelek\/#primaryimage\"},\"datePublished\":\"2020-03-07T17:15:06+00:00\",\"dateModified\":\"2020-07-13T10:27:41+00:00\",\"inLanguage\":\"hu\",\"potentialAction\":[{\"@type\":\"ReadAction\",\"target\":[\"https:\/\/enterbar.hu\/enteradmin\/rendezvenyek\/barati-osszejovetelek\/\"]}]}]}<\/script>\n<!-- \/ Yoast SEO plugin. -->","yoast_title":"Bar\u00e1ti \u00f6sszej\u00f6vetelek (ak\u00e1r 100 f\u0151ig) - EnterBar","yoast_meta":[{"name":"robots","content":"index, follow, max-snippet:-1, max-image-preview:large, max-video-preview:-1"},{"property":"og:locale","content":"hu_HU"},{"property":"og:type","content":"article"},{"property":"og:title","content":"Bar\u00e1ti \u00f6sszej\u00f6vetelek (ak\u00e1r 100 f\u0151ig) - EnterBar"},{"property":"og:description","content":"Foglaljatok asztalt 3 term\u00fcnk egyik\u00e9ben, hogy a sz\u00e1motokra legmegfelel\u0151bb helyen kapcsol\u00f3dhassatok ki! Asztalainkat a k\u00e9nyelmes 4-6 f\u0151s t\u00e1rsasj\u00e1t\u00e9koz\u00e1shoz alak\u00edtottuk ki, de ak\u00e1r 8-10 f\u0151 is elf\u00e9r egy j\u00f3 partyj\u00e1t\u00e9kra. K\u00f6z\u00f6ns\u00e9gtal\u00e1lkoz\u00f3kra, nagyobb t\u00e1rsas\u00e1gi esem\u00e9nyek, sz\u00fclinapok befogad\u00e1s\u00e1ra alkalmas helyet tudunk biztos\u00edtani k\u00f6z\u00e9ps\u0151 \u00e9s h\u00e1ts\u00f3 term\u00fcnkben, ha elk\u00fcl\u00f6n\u00edtve, kicsit z\u00e1rtk\u00f6r\u0171s\u00edtve mulatn\u00e1tok. Els\u0151 \u00e9s k\u00f6z\u00e9ps\u0151 term\u00fcnk els\u0151sorban t\u00e1rsasj\u00e1t\u00e9koz\u00e1sra alkalmas, [\u2026]"},{"property":"og:url","content":"https:\/\/enterbar.hu\/enteradmin\/rendezvenyek\/barati-osszejovetelek\/"},{"property":"og:site_name","content":"EnterBar"},{"property":"article:modified_time","content":"2020-07-13T10:27:41+00:00"},{"property":"og:image","content":"http:\/\/enterbar.hu\/enteradmin\/wp-content\/uploads\/2020\/04\/ke\u0301pek.00_07_26_17.Still090-1024x540.jpg"},{"name":"twitter:card","content":"summary_large_image"}],"yoast_json_ld":[{"@context":"https:\/\/schema.org","@graph":[{"@type":"WebSite","@id":"https:\/\/enterbar.hu\/enteradmin\/#website","url":"https:\/\/enterbar.hu\/enteradmin\/","name":"EnterBar","description":"...egy \u00fajabb WordPress honlap...","potentialAction":[{"@type":"SearchAction","target":"https:\/\/enterbar.hu\/enteradmin\/?s={search_term_string}","query-input":"required name=search_term_string"}],"inLanguage":"hu"},{"@type":"ImageObject","@id":"https:\/\/enterbar.hu\/enteradmin\/rendezvenyek\/barati-osszejovetelek\/#primaryimage","inLanguage":"hu","url":"http:\/\/enterbar.hu\/enteradmin\/wp-content\/uploads\/2020\/04\/ke\u0301pek.00_07_26_17.Still090-1024x540.jpg"},{"@type":"WebPage","@id":"https:\/\/enterbar.hu\/enteradmin\/rendezvenyek\/barati-osszejovetelek\/#webpage","url":"https:\/\/enterbar.hu\/enteradmin\/rendezvenyek\/barati-osszejovetelek\/","name":"Bar\u00e1ti \u00f6sszej\u00f6vetelek (ak\u00e1r 100 f\u0151ig) - EnterBar","isPartOf":{"@id":"https:\/\/enterbar.hu\/enteradmin\/#website"},"primaryImageOfPage":{"@id":"https:\/\/enterbar.hu\/enteradmin\/rendezvenyek\/barati-osszejovetelek\/#primaryimage"},"datePublished":"2020-03-07T17:15:06+00:00","dateModified":"2020-07-13T10:27:41+00:00","inLanguage":"hu","potentialAction":[{"@type":"ReadAction","target":["https:\/\/enterbar.hu\/enteradmin\/rendezvenyek\/barati-osszejovetelek\/"]}]}]}],"_links":{"self":[{"href":"https:\/\/enterbar.hu\/enteradmin\/wp-json\/wp\/v2\/pages\/58"}],"collection":[{"href":"https:\/\/enterbar.hu\/enteradmin\/wp-json\/wp\/v2\/pages"}],"about":[{"href":"https:\/\/enterbar.hu\/enteradmin\/wp-json\/wp\/v2\/types\/page"}],"author":[{"embeddable":true,"href":"https:\/\/enterbar.hu\/enteradmin\/wp-json\/wp\/v2\/users\/1"}],"replies":[{"embeddable":true,"href":"https:\/\/enterbar.hu\/enteradmin\/wp-json\/wp\/v2\/comments?post=58"}],"version-history":[{"count":8,"href":"https:\/\/enterbar.hu\/enteradmin\/wp-json\/wp\/v2\/pages\/58\/revisions"}],"predecessor-version":[{"id":210,"href":"https:\/\/enterbar.hu\/enteradmin\/wp-json\/wp\/v2\/pages\/58\/revisions\/210"}],"up":[{"embeddable":true,"href":"https:\/\/enterbar.hu\/enteradmin\/wp-json\/wp\/v2\/pages\/32"}],"wp:attachment":[{"href":"https:\/\/enterbar.hu\/enteradmin\/wp-json\/wp\/v2\/media?parent=58"}],"curies":[{"name":"wp","href":"https:\/\/api.w.org\/{rel}","templated":true}]}}