{"id":56,"date":"2020-03-07T17:14:51","date_gmt":"2020-03-07T17:14:51","guid":{"rendered":"http:\/\/enterbar.hu\/enteradmin\/?page_id=56"},"modified":"2020-07-13T10:27:18","modified_gmt":"2020-07-13T10:27:18","slug":"ceges-rendezvenyek","status":"publish","type":"page","link":"https:\/\/enterbar.hu\/enteradmin\/rendezvenyek\/ceges-rendezvenyek\/","title":{"rendered":"C\u00e9ges rendezv\u00e9nyek (ak\u00e1r 100 f\u0151ig)"},"content":{"rendered":"\n<p class=\"has-text-align-center\">Foglalj helysz\u00ednt \u00e9s tudd le a cateringet is egy csap\u00e1sra! Termeink egybenyithat\u00f3s\u00e1ga \u00e9s audi\u00f3\/vizu\u00e1lis eszk\u00f6z\u00f6kkel val\u00f3 felszerelts\u00e9ge kiv\u00e1l\u00f3an alkalmas v\u00e1llalati esem\u00e9nyek, csapat\u00e9p\u00edt\u0151k, workshopok, meetupok vagy szakmai programok fogad\u00e1s\u00e1ra. Els\u0151, k\u00f6z\u00e9ps\u0151 \u00e9s h\u00e1ts\u00f3 term\u00fcnk egym\u00e1st\u00f3l k\u00f6nnyed\u00e9n elv\u00e1laszthat\u00f3, ig\u00e9ny szerint alak\u00edthat\u00f3. Termenk\u00e9nt t\u00f6bb nagyk\u00e9perny\u0151s TV \u00e1ll rendelkez\u00e9sre, h\u00e1ts\u00f3 term\u00fcnkben k\u00e9t kivet\u00edt\u0151 is tal\u00e1lhat\u00f3. Csapat\u00e9p\u00edt\u0151k eset\u00e9n a sz\u00f3rakoz\u00e1sr\u00f3l t\u00e1rsas- \u00e9s videoj\u00e1t\u00e9k (Xbox One, PS4, Nintendo Switch stb.) k\u00edn\u00e1latunk gondoskodik. Szem\u00e9lyre szabott \u00e9tel- \u00e9s italcsomagr\u00f3l egyeztess vel\u00fcnk szem\u00e9lyesen!<\/p>\n\n\n\n<figure class=\"wp-block-gallery columns-3 is-cropped\"><ul class=\"blocks-gallery-grid\"><li class=\"blocks-gallery-item\"><figure><img loading=\"lazy\" width=\"1024\" height=\"683\" src=\"http:\/\/enterbar.hu\/enteradmin\/wp-content\/uploads\/2020\/04\/071-1024x683.jpg\" alt=\"\" data-id=\"154\" data-full-url=\"http:\/\/enterbar.hu\/enteradmin\/wp-content\/uploads\/2020\/04\/071-scaled.jpg\" data-link=\"http:\/\/enterbar.hu\/enteradmin\/071\/\" class=\"wp-image-154\" srcset=\"https:\/\/enterbar.hu\/enteradmin\/wp-content\/uploads\/2020\/04\/071-1024x683.jpg 1024w, https:\/\/enterbar.hu\/enteradmin\/wp-content\/uploads\/2020\/04\/071-300x200.jpg 300w, https:\/\/enterbar.hu\/enteradmin\/wp-content\/uploads\/2020\/04\/071-768x512.jpg 768w, https:\/\/enterbar.hu\/enteradmin\/wp-content\/uploads\/2020\/04\/071-1536x1024.jpg 1536w, https:\/\/enterbar.hu\/enteradmin\/wp-content\/uploads\/2020\/04\/071-2048x1366.jpg 2048w, https:\/\/enterbar.hu\/enteradmin\/wp-content\/uploads\/2020\/04\/071-1200x800.jpg 1200w, https:\/\/enterbar.hu\/enteradmin\/wp-content\/uploads\/2020\/04\/071-1980x1320.jpg 1980w\" sizes=\"(max-width: 1024px) 100vw, 1024px\" \/><\/figure><\/li><li class=\"blocks-gallery-item\"><figure><img loading=\"lazy\" width=\"1024\" height=\"540\" src=\"http:\/\/enterbar.hu\/enteradmin\/wp-content\/uploads\/2020\/04\/ke\u0301pek.00_04_21_09.Still053-1024x540.jpg\" alt=\"\" data-id=\"164\" data-full-url=\"http:\/\/enterbar.hu\/enteradmin\/wp-content\/uploads\/2020\/04\/ke\u0301pek.00_04_21_09.Still053-scaled.jpg\" data-link=\"http:\/\/enterbar.hu\/enteradmin\/kepek-00_04_21_09-still053\/\" class=\"wp-image-164\" srcset=\"https:\/\/enterbar.hu\/enteradmin\/wp-content\/uploads\/2020\/04\/ke\u0301pek.00_04_21_09.Still053-1024x540.jpg 1024w, https:\/\/enterbar.hu\/enteradmin\/wp-content\/uploads\/2020\/04\/ke\u0301pek.00_04_21_09.Still053-300x158.jpg 300w, https:\/\/enterbar.hu\/enteradmin\/wp-content\/uploads\/2020\/04\/ke\u0301pek.00_04_21_09.Still053-768x405.jpg 768w, https:\/\/enterbar.hu\/enteradmin\/wp-content\/uploads\/2020\/04\/ke\u0301pek.00_04_21_09.Still053-1536x810.jpg 1536w, https:\/\/enterbar.hu\/enteradmin\/wp-content\/uploads\/2020\/04\/ke\u0301pek.00_04_21_09.Still053-2048x1080.jpg 2048w, https:\/\/enterbar.hu\/enteradmin\/wp-content\/uploads\/2020\/04\/ke\u0301pek.00_04_21_09.Still053-1200x633.jpg 1200w, https:\/\/enterbar.hu\/enteradmin\/wp-content\/uploads\/2020\/04\/ke\u0301pek.00_04_21_09.Still053-1980x1044.jpg 1980w\" sizes=\"(max-width: 1024px) 100vw, 1024px\" \/><\/figure><\/li><li class=\"blocks-gallery-item\"><figure><img loading=\"lazy\" width=\"1024\" height=\"683\" src=\"http:\/\/enterbar.hu\/enteradmin\/wp-content\/uploads\/2020\/04\/012-1024x683.jpg\" alt=\"\" data-id=\"143\" data-full-url=\"http:\/\/enterbar.hu\/enteradmin\/wp-content\/uploads\/2020\/04\/012-scaled.jpg\" data-link=\"http:\/\/enterbar.hu\/enteradmin\/012\/\" class=\"wp-image-143\" srcset=\"https:\/\/enterbar.hu\/enteradmin\/wp-content\/uploads\/2020\/04\/012-1024x683.jpg 1024w, https:\/\/enterbar.hu\/enteradmin\/wp-content\/uploads\/2020\/04\/012-300x200.jpg 300w, https:\/\/enterbar.hu\/enteradmin\/wp-content\/uploads\/2020\/04\/012-768x512.jpg 768w, https:\/\/enterbar.hu\/enteradmin\/wp-content\/uploads\/2020\/04\/012-1536x1024.jpg 1536w, https:\/\/enterbar.hu\/enteradmin\/wp-content\/uploads\/2020\/04\/012-2048x1366.jpg 2048w, https:\/\/enterbar.hu\/enteradmin\/wp-content\/uploads\/2020\/04\/012-1200x800.jpg 1200w, https:\/\/enterbar.hu\/enteradmin\/wp-content\/uploads\/2020\/04\/012-1980x1320.jpg 1980w\" sizes=\"(max-width: 1024px) 100vw, 1024px\" \/><\/figure><\/li><\/ul><\/figure>\n","protected":false},"excerpt":{"rendered":"<p>Foglalj helysz\u00ednt \u00e9s tudd le a cateringet is egy csap\u00e1sra! Termeink egybenyithat\u00f3s\u00e1ga \u00e9s audi\u00f3\/vizu\u00e1lis eszk\u00f6z\u00f6kkel val\u00f3 felszerelts\u00e9ge kiv\u00e1l\u00f3an alkalmas v\u00e1llalati esem\u00e9nyek, csapat\u00e9p\u00edt\u0151k, workshopok, meetupok vagy szakmai programok fogad\u00e1s\u00e1ra. Els\u0151, k\u00f6z\u00e9ps\u0151 \u00e9s h\u00e1ts\u00f3 term\u00fcnk egym\u00e1st\u00f3l k\u00f6nnyed\u00e9n elv\u00e1laszthat\u00f3, ig\u00e9ny szerint alak\u00edthat\u00f3. Termenk\u00e9nt t\u00f6bb nagyk\u00e9perny\u0151s TV \u00e1ll rendelkez\u00e9sre, h\u00e1ts\u00f3 term\u00fcnkben k\u00e9t kivet\u00edt\u0151 is tal\u00e1lhat\u00f3. Csapat\u00e9p\u00edt\u0151k eset\u00e9n a sz\u00f3rakoz\u00e1sr\u00f3l [&hellip;]<\/p>\n","protected":false},"author":1,"featured_media":0,"parent":32,"menu_order":8,"comment_status":"closed","ping_status":"closed","template":"","meta":[],"_yoast_wpseo_content_score":"","_yoast_wpseo_focuskw":"","_yoast_wpseo_linkdex":"","_yoast_wpseo_metadesc":"","acf":{"rendezveny_kepe":"https:\/\/enterbar.hu\/enteradmin\/wp-content\/uploads\/2020\/03\/business_party.png"},"yoast_head":"<!-- This site is optimized with the Yoast SEO plugin v14.9 - https:\/\/yoast.com\/wordpress\/plugins\/seo\/ -->\n<title>C\u00e9ges rendezv\u00e9nyek (ak\u00e1r 100 f\u0151ig) - EnterBar<\/title>\n<meta name=\"robots\" content=\"index, follow, max-snippet:-1, max-image-preview:large, max-video-preview:-1\" \/>\n<link rel=\"canonical\" href=\"https:\/\/enterbar.hu\/enteradmin\/rendezvenyek\/ceges-rendezvenyek\/\" \/>\n<meta property=\"og:locale\" content=\"hu_HU\" \/>\n<meta property=\"og:type\" content=\"article\" \/>\n<meta property=\"og:title\" content=\"C\u00e9ges rendezv\u00e9nyek (ak\u00e1r 100 f\u0151ig) - EnterBar\" \/>\n<meta property=\"og:description\" content=\"Foglalj helysz\u00ednt \u00e9s tudd le a cateringet is egy csap\u00e1sra! Termeink egybenyithat\u00f3s\u00e1ga \u00e9s audi\u00f3\/vizu\u00e1lis eszk\u00f6z\u00f6kkel val\u00f3 felszerelts\u00e9ge kiv\u00e1l\u00f3an alkalmas v\u00e1llalati esem\u00e9nyek, csapat\u00e9p\u00edt\u0151k, workshopok, meetupok vagy szakmai programok fogad\u00e1s\u00e1ra. Els\u0151, k\u00f6z\u00e9ps\u0151 \u00e9s h\u00e1ts\u00f3 term\u00fcnk egym\u00e1st\u00f3l k\u00f6nnyed\u00e9n elv\u00e1laszthat\u00f3, ig\u00e9ny szerint alak\u00edthat\u00f3. Termenk\u00e9nt t\u00f6bb nagyk\u00e9perny\u0151s TV \u00e1ll rendelkez\u00e9sre, h\u00e1ts\u00f3 term\u00fcnkben k\u00e9t kivet\u00edt\u0151 is tal\u00e1lhat\u00f3. Csapat\u00e9p\u00edt\u0151k eset\u00e9n a sz\u00f3rakoz\u00e1sr\u00f3l [&hellip;]\" \/>\n<meta property=\"og:url\" content=\"https:\/\/enterbar.hu\/enteradmin\/rendezvenyek\/ceges-rendezvenyek\/\" \/>\n<meta property=\"og:site_name\" content=\"EnterBar\" \/>\n<meta property=\"article:modified_time\" content=\"2020-07-13T10:27:18+00:00\" \/>\n<meta property=\"og:image\" content=\"http:\/\/enterbar.hu\/enteradmin\/wp-content\/uploads\/2020\/04\/071-1024x683.jpg\" \/>\n<meta name=\"twitter:card\" content=\"summary_large_image\" \/>\n<script type=\"application\/ld+json\" class=\"yoast-schema-graph\">{\"@context\":\"https:\/\/schema.org\",\"@graph\":[{\"@type\":\"WebSite\",\"@id\":\"https:\/\/enterbar.hu\/enteradmin\/#website\",\"url\":\"https:\/\/enterbar.hu\/enteradmin\/\",\"name\":\"EnterBar\",\"description\":\"...egy \\u00fajabb WordPress honlap...\",\"potentialAction\":[{\"@type\":\"SearchAction\",\"target\":\"https:\/\/enterbar.hu\/enteradmin\/?s={search_term_string}\",\"query-input\":\"required name=search_term_string\"}],\"inLanguage\":\"hu\"},{\"@type\":\"ImageObject\",\"@id\":\"https:\/\/enterbar.hu\/enteradmin\/rendezvenyek\/ceges-rendezvenyek\/#primaryimage\",\"inLanguage\":\"hu\",\"url\":\"http:\/\/enterbar.hu\/enteradmin\/wp-content\/uploads\/2020\/04\/071-1024x683.jpg\"},{\"@type\":\"WebPage\",\"@id\":\"https:\/\/enterbar.hu\/enteradmin\/rendezvenyek\/ceges-rendezvenyek\/#webpage\",\"url\":\"https:\/\/enterbar.hu\/enteradmin\/rendezvenyek\/ceges-rendezvenyek\/\",\"name\":\"C\\u00e9ges rendezv\\u00e9nyek (ak\\u00e1r 100 f\\u0151ig) - EnterBar\",\"isPartOf\":{\"@id\":\"https:\/\/enterbar.hu\/enteradmin\/#website\"},\"primaryImageOfPage\":{\"@id\":\"https:\/\/enterbar.hu\/enteradmin\/rendezvenyek\/ceges-rendezvenyek\/#primaryimage\"},\"datePublished\":\"2020-03-07T17:14:51+00:00\",\"dateModified\":\"2020-07-13T10:27:18+00:00\",\"inLanguage\":\"hu\",\"potentialAction\":[{\"@type\":\"ReadAction\",\"target\":[\"https:\/\/enterbar.hu\/enteradmin\/rendezvenyek\/ceges-rendezvenyek\/\"]}]}]}<\/script>\n<!-- \/ Yoast SEO plugin. -->","yoast_title":"C\u00e9ges rendezv\u00e9nyek (ak\u00e1r 100 f\u0151ig) - EnterBar","yoast_meta":[{"name":"robots","content":"index, follow, max-snippet:-1, max-image-preview:large, max-video-preview:-1"},{"property":"og:locale","content":"hu_HU"},{"property":"og:type","content":"article"},{"property":"og:title","content":"C\u00e9ges rendezv\u00e9nyek (ak\u00e1r 100 f\u0151ig) - EnterBar"},{"property":"og:description","content":"Foglalj helysz\u00ednt \u00e9s tudd le a cateringet is egy csap\u00e1sra! Termeink egybenyithat\u00f3s\u00e1ga \u00e9s audi\u00f3\/vizu\u00e1lis eszk\u00f6z\u00f6kkel val\u00f3 felszerelts\u00e9ge kiv\u00e1l\u00f3an alkalmas v\u00e1llalati esem\u00e9nyek, csapat\u00e9p\u00edt\u0151k, workshopok, meetupok vagy szakmai programok fogad\u00e1s\u00e1ra. Els\u0151, k\u00f6z\u00e9ps\u0151 \u00e9s h\u00e1ts\u00f3 term\u00fcnk egym\u00e1st\u00f3l k\u00f6nnyed\u00e9n elv\u00e1laszthat\u00f3, ig\u00e9ny szerint alak\u00edthat\u00f3. Termenk\u00e9nt t\u00f6bb nagyk\u00e9perny\u0151s TV \u00e1ll rendelkez\u00e9sre, h\u00e1ts\u00f3 term\u00fcnkben k\u00e9t kivet\u00edt\u0151 is tal\u00e1lhat\u00f3. Csapat\u00e9p\u00edt\u0151k eset\u00e9n a sz\u00f3rakoz\u00e1sr\u00f3l [\u2026]"},{"property":"og:url","content":"https:\/\/enterbar.hu\/enteradmin\/rendezvenyek\/ceges-rendezvenyek\/"},{"property":"og:site_name","content":"EnterBar"},{"property":"article:modified_time","content":"2020-07-13T10:27:18+00:00"},{"property":"og:image","content":"http:\/\/enterbar.hu\/enteradmin\/wp-content\/uploads\/2020\/04\/071-1024x683.jpg"},{"name":"twitter:card","content":"summary_large_image"}],"yoast_json_ld":[{"@context":"https:\/\/schema.org","@graph":[{"@type":"WebSite","@id":"https:\/\/enterbar.hu\/enteradmin\/#website","url":"https:\/\/enterbar.hu\/enteradmin\/","name":"EnterBar","description":"...egy \u00fajabb WordPress honlap...","potentialAction":[{"@type":"SearchAction","target":"https:\/\/enterbar.hu\/enteradmin\/?s={search_term_string}","query-input":"required name=search_term_string"}],"inLanguage":"hu"},{"@type":"ImageObject","@id":"https:\/\/enterbar.hu\/enteradmin\/rendezvenyek\/ceges-rendezvenyek\/#primaryimage","inLanguage":"hu","url":"http:\/\/enterbar.hu\/enteradmin\/wp-content\/uploads\/2020\/04\/071-1024x683.jpg"},{"@type":"WebPage","@id":"https:\/\/enterbar.hu\/enteradmin\/rendezvenyek\/ceges-rendezvenyek\/#webpage","url":"https:\/\/enterbar.hu\/enteradmin\/rendezvenyek\/ceges-rendezvenyek\/","name":"C\u00e9ges rendezv\u00e9nyek (ak\u00e1r 100 f\u0151ig) - EnterBar","isPartOf":{"@id":"https:\/\/enterbar.hu\/enteradmin\/#website"},"primaryImageOfPage":{"@id":"https:\/\/enterbar.hu\/enteradmin\/rendezvenyek\/ceges-rendezvenyek\/#primaryimage"},"datePublished":"2020-03-07T17:14:51+00:00","dateModified":"2020-07-13T10:27:18+00:00","inLanguage":"hu","potentialAction":[{"@type":"ReadAction","target":["https:\/\/enterbar.hu\/enteradmin\/rendezvenyek\/ceges-rendezvenyek\/"]}]}]}],"_links":{"self":[{"href":"https:\/\/enterbar.hu\/enteradmin\/wp-json\/wp\/v2\/pages\/56"}],"collection":[{"href":"https:\/\/enterbar.hu\/enteradmin\/wp-json\/wp\/v2\/pages"}],"about":[{"href":"https:\/\/enterbar.hu\/enteradmin\/wp-json\/wp\/v2\/types\/page"}],"author":[{"embeddable":true,"href":"https:\/\/enterbar.hu\/enteradmin\/wp-json\/wp\/v2\/users\/1"}],"replies":[{"embeddable":true,"href":"https:\/\/enterbar.hu\/enteradmin\/wp-json\/wp\/v2\/comments?post=56"}],"version-history":[{"count":6,"href":"https:\/\/enterbar.hu\/enteradmin\/wp-json\/wp\/v2\/pages\/56\/revisions"}],"predecessor-version":[{"id":209,"href":"https:\/\/enterbar.hu\/enteradmin\/wp-json\/wp\/v2\/pages\/56\/revisions\/209"}],"up":[{"embeddable":true,"href":"https:\/\/enterbar.hu\/enteradmin\/wp-json\/wp\/v2\/pages\/32"}],"wp:attachment":[{"href":"https:\/\/enterbar.hu\/enteradmin\/wp-json\/wp\/v2\/media?parent=56"}],"curies":[{"name":"wp","href":"https:\/\/api.w.org\/{rel}","templated":true}]}}