{"id":41,"date":"2020-02-09T19:27:53","date_gmt":"2020-02-09T19:27:53","guid":{"rendered":"http:\/\/localhost:8888\/enterbar\/?page_id=41"},"modified":"2022-09-29T16:09:17","modified_gmt":"2022-09-29T16:09:17","slug":"bistro","status":"publish","type":"page","link":"https:\/\/enterbar.hu\/enteradmin\/bistro\/","title":{"rendered":"Bistro"},"content":{"rendered":"\n<p class=\"has-text-align-center\">Pr\u00f3b\u00e1ld ki az Enter Bistro streetfood jelleg\u0171 \u00e9s h\u00e1zias \u00e9telek\u00edn\u00e1lat\u00e1t \u00e9s napi v\u00e1ltoz\u00f3 aj\u00e1nlatainkat! K\u00e9rd elvitelre, ak\u00e1r telefonon el\u0151rendelve! Rendelhetsz a Wolt \u00e9s Netpinc\u00e9r oldalain kereszt\u00fcl is.<\/p>\n\n\n\n<div class=\"wp-block-group\"><div class=\"wp-block-group__inner-container\"><\/div><\/div>\n","protected":false},"excerpt":{"rendered":"<p>Pr\u00f3b\u00e1ld ki az Enter Bistro streetfood jelleg\u0171 \u00e9s h\u00e1zias \u00e9telek\u00edn\u00e1lat\u00e1t \u00e9s napi v\u00e1ltoz\u00f3 aj\u00e1nlatainkat! K\u00e9rd elvitelre, ak\u00e1r telefonon el\u0151rendelve! Rendelhetsz a Wolt \u00e9s Netpinc\u00e9r oldalain kereszt\u00fcl is.<\/p>\n","protected":false},"author":1,"featured_media":0,"parent":0,"menu_order":5,"comment_status":"closed","ping_status":"closed","template":"","meta":[],"_yoast_wpseo_content_score":"90","_yoast_wpseo_focuskw":"","_yoast_wpseo_linkdex":"","_yoast_wpseo_metadesc":"","acf":{"netpincer":{"kep":"https:\/\/enterbar.hu\/enteradmin\/wp-content\/uploads\/2020\/10\/netpincer.png","link":"https:\/\/www.netpincer.hu\/restaurant\/q3je\/enter-bar-and-bistro"},"wolt":{"kep":"https:\/\/enterbar.hu\/enteradmin\/wp-content\/uploads\/2020\/10\/wolt.png","link":"https:\/\/wolt.com\/en\/hun\/budapest\/restaurant\/enter-bar-bistro"},"enter_bistro":{"kep":"https:\/\/enterbar.hu\/enteradmin\/wp-content\/uploads\/2020\/10\/enterpick-1.png","link":""}},"yoast_head":"<!-- This site is optimized with the Yoast SEO plugin v14.9 - https:\/\/yoast.com\/wordpress\/plugins\/seo\/ -->\n<title>Bistro - EnterBar<\/title>\n<meta name=\"robots\" content=\"index, follow, max-snippet:-1, max-image-preview:large, max-video-preview:-1\" \/>\n<link rel=\"canonical\" href=\"http:\/\/enterbar.hu\/enteradmin\/bistro\/\" \/>\n<meta property=\"og:locale\" content=\"hu_HU\" \/>\n<meta property=\"og:type\" content=\"article\" \/>\n<meta property=\"og:title\" content=\"Bistro - EnterBar\" \/>\n<meta property=\"og:description\" content=\"Pr\u00f3b\u00e1ld ki az Enter Bistro streetfood jelleg\u0171 \u00e9s h\u00e1zias \u00e9telek\u00edn\u00e1lat\u00e1t \u00e9s napi v\u00e1ltoz\u00f3 aj\u00e1nlatainkat! K\u00e9rd elvitelre, ak\u00e1r telefonon el\u0151rendelve! Rendelhetsz a Wolt \u00e9s Netpinc\u00e9r oldalain kereszt\u00fcl is.\" \/>\n<meta property=\"og:url\" content=\"http:\/\/enterbar.hu\/enteradmin\/bistro\/\" \/>\n<meta property=\"og:site_name\" content=\"EnterBar\" \/>\n<meta property=\"article:modified_time\" content=\"2022-09-29T16:09:17+00:00\" \/>\n<meta name=\"twitter:card\" content=\"summary_large_image\" \/>\n<script type=\"application\/ld+json\" class=\"yoast-schema-graph\">{\"@context\":\"https:\/\/schema.org\",\"@graph\":[{\"@type\":\"WebSite\",\"@id\":\"https:\/\/enterbar.hu\/enteradmin\/#website\",\"url\":\"https:\/\/enterbar.hu\/enteradmin\/\",\"name\":\"EnterBar\",\"description\":\"...egy \\u00fajabb WordPress honlap...\",\"potentialAction\":[{\"@type\":\"SearchAction\",\"target\":\"https:\/\/enterbar.hu\/enteradmin\/?s={search_term_string}\",\"query-input\":\"required name=search_term_string\"}],\"inLanguage\":\"hu\"},{\"@type\":\"WebPage\",\"@id\":\"http:\/\/enterbar.hu\/enteradmin\/bistro\/#webpage\",\"url\":\"http:\/\/enterbar.hu\/enteradmin\/bistro\/\",\"name\":\"Bistro - EnterBar\",\"isPartOf\":{\"@id\":\"https:\/\/enterbar.hu\/enteradmin\/#website\"},\"datePublished\":\"2020-02-09T19:27:53+00:00\",\"dateModified\":\"2022-09-29T16:09:17+00:00\",\"inLanguage\":\"hu\",\"potentialAction\":[{\"@type\":\"ReadAction\",\"target\":[\"http:\/\/enterbar.hu\/enteradmin\/bistro\/\"]}]}]}<\/script>\n<!-- \/ Yoast SEO plugin. -->","yoast_title":"Bistro - EnterBar","yoast_meta":[{"name":"robots","content":"index, follow, max-snippet:-1, max-image-preview:large, max-video-preview:-1"},{"property":"og:locale","content":"hu_HU"},{"property":"og:type","content":"article"},{"property":"og:title","content":"Bistro - EnterBar"},{"property":"og:description","content":"Pr\u00f3b\u00e1ld ki az Enter Bistro streetfood jelleg\u0171 \u00e9s h\u00e1zias \u00e9telek\u00edn\u00e1lat\u00e1t \u00e9s napi v\u00e1ltoz\u00f3 aj\u00e1nlatainkat! K\u00e9rd elvitelre, ak\u00e1r telefonon el\u0151rendelve! Rendelhetsz a Wolt \u00e9s Netpinc\u00e9r oldalain kereszt\u00fcl is."},{"property":"og:url","content":"http:\/\/enterbar.hu\/enteradmin\/bistro\/"},{"property":"og:site_name","content":"EnterBar"},{"property":"article:modified_time","content":"2022-09-29T16:09:17+00:00"},{"name":"twitter:card","content":"summary_large_image"}],"yoast_json_ld":[{"@context":"https:\/\/schema.org","@graph":[{"@type":"WebSite","@id":"https:\/\/enterbar.hu\/enteradmin\/#website","url":"https:\/\/enterbar.hu\/enteradmin\/","name":"EnterBar","description":"...egy \u00fajabb WordPress honlap...","potentialAction":[{"@type":"SearchAction","target":"https:\/\/enterbar.hu\/enteradmin\/?s={search_term_string}","query-input":"required name=search_term_string"}],"inLanguage":"hu"},{"@type":"WebPage","@id":"http:\/\/enterbar.hu\/enteradmin\/bistro\/#webpage","url":"http:\/\/enterbar.hu\/enteradmin\/bistro\/","name":"Bistro - EnterBar","isPartOf":{"@id":"https:\/\/enterbar.hu\/enteradmin\/#website"},"datePublished":"2020-02-09T19:27:53+00:00","dateModified":"2022-09-29T16:09:17+00:00","inLanguage":"hu","potentialAction":[{"@type":"ReadAction","target":["http:\/\/enterbar.hu\/enteradmin\/bistro\/"]}]}]}],"_links":{"self":[{"href":"https:\/\/enterbar.hu\/enteradmin\/wp-json\/wp\/v2\/pages\/41"}],"collection":[{"href":"https:\/\/enterbar.hu\/enteradmin\/wp-json\/wp\/v2\/pages"}],"about":[{"href":"https:\/\/enterbar.hu\/enteradmin\/wp-json\/wp\/v2\/types\/page"}],"author":[{"embeddable":true,"href":"https:\/\/enterbar.hu\/enteradmin\/wp-json\/wp\/v2\/users\/1"}],"replies":[{"embeddable":true,"href":"https:\/\/enterbar.hu\/enteradmin\/wp-json\/wp\/v2\/comments?post=41"}],"version-history":[{"count":15,"href":"https:\/\/enterbar.hu\/enteradmin\/wp-json\/wp\/v2\/pages\/41\/revisions"}],"predecessor-version":[{"id":712,"href":"https:\/\/enterbar.hu\/enteradmin\/wp-json\/wp\/v2\/pages\/41\/revisions\/712"}],"wp:attachment":[{"href":"https:\/\/enterbar.hu\/enteradmin\/wp-json\/wp\/v2\/media?parent=41"}],"curies":[{"name":"wp","href":"https:\/\/api.w.org\/{rel}","templated":true}]}}