{"id":37,"date":"2020-02-09T18:53:42","date_gmt":"2020-02-09T18:53:42","guid":{"rendered":"http:\/\/localhost:8888\/enterbar\/?page_id=37"},"modified":"2023-03-01T20:30:41","modified_gmt":"2023-03-01T20:30:41","slug":"rolunk","status":"publish","type":"page","link":"https:\/\/enterbar.hu\/enteradmin\/rolunk\/","title":{"rendered":"R\u00f3lunk"},"content":{"rendered":"\n<p>Az Enter Bar a Bart\u00f3k Boulevard vonz\u00e1sk\u00f6rzet\u00e9ben v\u00e1rja az offline \u00e9s online j\u00e1t\u00e9kosokat egyar\u00e1nt egyed\u00fcl\u00e1ll\u00f3 t\u00e1rsasj\u00e1t\u00e9k k\u00edn\u00e1lattal \u00e9s j\u00e1t\u00e9kkonzolokkal. Ha pedig nem puszt\u00e1n a benned \u00e9l\u0151 gyerek j\u00e1t\u00e9k ut\u00e1ni \u00e9tv\u00e1gy\u00e1t csillap\u00edtan\u00e1d, finom \u00e9telek, h\u00e1zi k\u00e9sz\u00edt\u00e9s\u0171 snackek \u00e9s szexi kokt\u00e9lok k\u00f6z\u00fcl v\u00e1laszthatsz kedvedre.<\/p>\n\n\n\n<p><\/p>\n\n\n\n<h3>Szolg\u00e1ltat\u00e1saink: <\/h3>\n\n\n\n<p><br><a href=\"http:\/\/enter.enterbar.hu\/rendezvenyek#rendezvenyek\"> T\u00e1rsasj\u00e1t\u00e9kra alkalmas asztalok \u00e9s j\u00e1t\u00e9kok<\/a> | <a href=\"https:\/\/enter.enterbar.hu\/jatekok#konzolok\">Konzol nappali a k\u00e9nyelmesen j\u00e1tsz\u00f3knak<\/a> | <a href=\"https:\/\/enter.enterbar.hu\/rendezvenyek\">Sz\u00e9lesv\u00e1szn\u00fa kivet\u00edt\u0151k a VIP \u00e9lm\u00e9nyt keres\u0151knek<\/a> | <a href=\"https:\/\/enter.enterbar.hu\/rendezvenyek\">TV-k az e-sportot k\u00f6vet\u0151knek<\/a> | <a href=\"https:\/\/enter.enterbar.hu\/rendezvenyek\">Rendezv\u00e9nyekre alkalmas termek sz\u00fclinapokra \u00e9s c\u00e9ges esem\u00e9nyekre, illetve csapat\u00e9p\u00edt\u0151kre<\/a><\/p>\n\n\n\n<p><\/p>\n","protected":false},"excerpt":{"rendered":"<p>Az Enter Bar a Bart\u00f3k Boulevard vonz\u00e1sk\u00f6rzet\u00e9ben v\u00e1rja az offline \u00e9s online j\u00e1t\u00e9kosokat egyar\u00e1nt egyed\u00fcl\u00e1ll\u00f3 t\u00e1rsasj\u00e1t\u00e9k k\u00edn\u00e1lattal \u00e9s j\u00e1t\u00e9kkonzolokkal. Ha pedig nem puszt\u00e1n a benned \u00e9l\u0151 gyerek j\u00e1t\u00e9k ut\u00e1ni \u00e9tv\u00e1gy\u00e1t csillap\u00edtan\u00e1d, finom \u00e9telek, h\u00e1zi k\u00e9sz\u00edt\u00e9s\u0171 snackek \u00e9s szexi kokt\u00e9lok k\u00f6z\u00fcl v\u00e1laszthatsz kedvedre. Szolg\u00e1ltat\u00e1saink: T\u00e1rsasj\u00e1t\u00e9kra alkalmas asztalok \u00e9s j\u00e1t\u00e9kok | Konzol nappali a k\u00e9nyelmesen j\u00e1tsz\u00f3knak | [&hellip;]<\/p>\n","protected":false},"author":1,"featured_media":0,"parent":0,"menu_order":11,"comment_status":"closed","ping_status":"closed","template":"","meta":[],"_yoast_wpseo_content_score":"60","_yoast_wpseo_focuskw":"","_yoast_wpseo_linkdex":"","_yoast_wpseo_metadesc":"","acf":[],"yoast_head":"<!-- This site is optimized with the Yoast SEO plugin v14.9 - https:\/\/yoast.com\/wordpress\/plugins\/seo\/ -->\n<title>R\u00f3lunk - EnterBar<\/title>\n<meta name=\"robots\" content=\"index, follow, max-snippet:-1, max-image-preview:large, max-video-preview:-1\" \/>\n<link rel=\"canonical\" href=\"http:\/\/enterbar.hu\/enteradmin\/rolunk\/\" \/>\n<meta property=\"og:locale\" content=\"hu_HU\" \/>\n<meta property=\"og:type\" content=\"article\" \/>\n<meta property=\"og:title\" content=\"R\u00f3lunk - EnterBar\" \/>\n<meta property=\"og:description\" content=\"Az Enter Bar a Bart\u00f3k Boulevard vonz\u00e1sk\u00f6rzet\u00e9ben v\u00e1rja az offline \u00e9s online j\u00e1t\u00e9kosokat egyar\u00e1nt egyed\u00fcl\u00e1ll\u00f3 t\u00e1rsasj\u00e1t\u00e9k k\u00edn\u00e1lattal \u00e9s j\u00e1t\u00e9kkonzolokkal. Ha pedig nem puszt\u00e1n a benned \u00e9l\u0151 gyerek j\u00e1t\u00e9k ut\u00e1ni \u00e9tv\u00e1gy\u00e1t csillap\u00edtan\u00e1d, finom \u00e9telek, h\u00e1zi k\u00e9sz\u00edt\u00e9s\u0171 snackek \u00e9s szexi kokt\u00e9lok k\u00f6z\u00fcl v\u00e1laszthatsz kedvedre. Szolg\u00e1ltat\u00e1saink: T\u00e1rsasj\u00e1t\u00e9kra alkalmas asztalok \u00e9s j\u00e1t\u00e9kok | Konzol nappali a k\u00e9nyelmesen j\u00e1tsz\u00f3knak | [&hellip;]\" \/>\n<meta property=\"og:url\" content=\"http:\/\/enterbar.hu\/enteradmin\/rolunk\/\" \/>\n<meta property=\"og:site_name\" content=\"EnterBar\" \/>\n<meta property=\"article:modified_time\" content=\"2023-03-01T20:30:41+00:00\" \/>\n<meta name=\"twitter:card\" content=\"summary_large_image\" \/>\n<script type=\"application\/ld+json\" class=\"yoast-schema-graph\">{\"@context\":\"https:\/\/schema.org\",\"@graph\":[{\"@type\":\"WebSite\",\"@id\":\"https:\/\/enterbar.hu\/enteradmin\/#website\",\"url\":\"https:\/\/enterbar.hu\/enteradmin\/\",\"name\":\"EnterBar\",\"description\":\"...egy \\u00fajabb WordPress honlap...\",\"potentialAction\":[{\"@type\":\"SearchAction\",\"target\":\"https:\/\/enterbar.hu\/enteradmin\/?s={search_term_string}\",\"query-input\":\"required name=search_term_string\"}],\"inLanguage\":\"hu\"},{\"@type\":\"WebPage\",\"@id\":\"http:\/\/enterbar.hu\/enteradmin\/rolunk\/#webpage\",\"url\":\"http:\/\/enterbar.hu\/enteradmin\/rolunk\/\",\"name\":\"R\\u00f3lunk - EnterBar\",\"isPartOf\":{\"@id\":\"https:\/\/enterbar.hu\/enteradmin\/#website\"},\"datePublished\":\"2020-02-09T18:53:42+00:00\",\"dateModified\":\"2023-03-01T20:30:41+00:00\",\"inLanguage\":\"hu\",\"potentialAction\":[{\"@type\":\"ReadAction\",\"target\":[\"http:\/\/enterbar.hu\/enteradmin\/rolunk\/\"]}]}]}<\/script>\n<!-- \/ Yoast SEO plugin. -->","yoast_title":"R\u00f3lunk - EnterBar","yoast_meta":[{"name":"robots","content":"index, follow, max-snippet:-1, max-image-preview:large, max-video-preview:-1"},{"property":"og:locale","content":"hu_HU"},{"property":"og:type","content":"article"},{"property":"og:title","content":"R\u00f3lunk - EnterBar"},{"property":"og:description","content":"Az Enter Bar a Bart\u00f3k Boulevard vonz\u00e1sk\u00f6rzet\u00e9ben v\u00e1rja az offline \u00e9s online j\u00e1t\u00e9kosokat egyar\u00e1nt egyed\u00fcl\u00e1ll\u00f3 t\u00e1rsasj\u00e1t\u00e9k k\u00edn\u00e1lattal \u00e9s j\u00e1t\u00e9kkonzolokkal. Ha pedig nem puszt\u00e1n a benned \u00e9l\u0151 gyerek j\u00e1t\u00e9k ut\u00e1ni \u00e9tv\u00e1gy\u00e1t csillap\u00edtan\u00e1d, finom \u00e9telek, h\u00e1zi k\u00e9sz\u00edt\u00e9s\u0171 snackek \u00e9s szexi kokt\u00e9lok k\u00f6z\u00fcl v\u00e1laszthatsz kedvedre. Szolg\u00e1ltat\u00e1saink: T\u00e1rsasj\u00e1t\u00e9kra alkalmas asztalok \u00e9s j\u00e1t\u00e9kok | Konzol nappali a k\u00e9nyelmesen j\u00e1tsz\u00f3knak | [\u2026]"},{"property":"og:url","content":"http:\/\/enterbar.hu\/enteradmin\/rolunk\/"},{"property":"og:site_name","content":"EnterBar"},{"property":"article:modified_time","content":"2023-03-01T20:30:41+00:00"},{"name":"twitter:card","content":"summary_large_image"}],"yoast_json_ld":[{"@context":"https:\/\/schema.org","@graph":[{"@type":"WebSite","@id":"https:\/\/enterbar.hu\/enteradmin\/#website","url":"https:\/\/enterbar.hu\/enteradmin\/","name":"EnterBar","description":"...egy \u00fajabb WordPress honlap...","potentialAction":[{"@type":"SearchAction","target":"https:\/\/enterbar.hu\/enteradmin\/?s={search_term_string}","query-input":"required name=search_term_string"}],"inLanguage":"hu"},{"@type":"WebPage","@id":"http:\/\/enterbar.hu\/enteradmin\/rolunk\/#webpage","url":"http:\/\/enterbar.hu\/enteradmin\/rolunk\/","name":"R\u00f3lunk - EnterBar","isPartOf":{"@id":"https:\/\/enterbar.hu\/enteradmin\/#website"},"datePublished":"2020-02-09T18:53:42+00:00","dateModified":"2023-03-01T20:30:41+00:00","inLanguage":"hu","potentialAction":[{"@type":"ReadAction","target":["http:\/\/enterbar.hu\/enteradmin\/rolunk\/"]}]}]}],"_links":{"self":[{"href":"https:\/\/enterbar.hu\/enteradmin\/wp-json\/wp\/v2\/pages\/37"}],"collection":[{"href":"https:\/\/enterbar.hu\/enteradmin\/wp-json\/wp\/v2\/pages"}],"about":[{"href":"https:\/\/enterbar.hu\/enteradmin\/wp-json\/wp\/v2\/types\/page"}],"author":[{"embeddable":true,"href":"https:\/\/enterbar.hu\/enteradmin\/wp-json\/wp\/v2\/users\/1"}],"replies":[{"embeddable":true,"href":"https:\/\/enterbar.hu\/enteradmin\/wp-json\/wp\/v2\/comments?post=37"}],"version-history":[{"count":11,"href":"https:\/\/enterbar.hu\/enteradmin\/wp-json\/wp\/v2\/pages\/37\/revisions"}],"predecessor-version":[{"id":743,"href":"https:\/\/enterbar.hu\/enteradmin\/wp-json\/wp\/v2\/pages\/37\/revisions\/743"}],"wp:attachment":[{"href":"https:\/\/enterbar.hu\/enteradmin\/wp-json\/wp\/v2\/media?parent=37"}],"curies":[{"name":"wp","href":"https:\/\/api.w.org\/{rel}","templated":true}]}}