{"id":32,"date":"2020-02-09T18:40:07","date_gmt":"2020-02-09T18:40:07","guid":{"rendered":"http:\/\/localhost:8888\/enterbar\/?page_id=32"},"modified":"2020-11-05T17:20:18","modified_gmt":"2020-11-05T17:20:18","slug":"rendezvenyek","status":"publish","type":"page","link":"https:\/\/enterbar.hu\/enteradmin\/rendezvenyek\/","title":{"rendered":"Rendezv\u00e9nyek"},"content":{"rendered":"\n<p>Ig\u00e9nyesen kialak\u00edtott \u00e9s t\u00e1gas termeink alkalmasak ak\u00e1r 100 f\u0151ig fogadni rendezv\u00e9nyeket, esem\u00e9nyeket vagy k\u00f6z\u00f6ns\u00e9gtal\u00e1lkoz\u00f3kat. Az egyes termek szepar\u00e1lhat\u00f3ak, \u00edgy 20-30 f\u0151s sz\u00fclinapok, de ak\u00e1r 60-80 f\u0151s c\u00e9ges csapat\u00e9p\u00edt\u0151knek is kiv\u00e1l\u00f3 helysz\u00ednt tudunk biztos\u00edtani. Kivet\u00edt\u0151 \u00e9s TV k\u00e9sz\u00fcl\u00e9keink, illetve az inspir\u00e1l\u00f3 k\u00f6rnyezet t\u00f6k\u00e9letes c\u00e9ges workshopok, meetupok vagy egy\u00e9b szakmai programok sz\u00e1m\u00e1ra. A felh\u0151tlen kikapcsol\u00f3d\u00e1s t\u00e1rsas- \u00e9s videoj\u00e1t\u00e9k k\u00edn\u00e1latunk a biztos\u00edt\u00e9k, legyen sz\u00f3 feln\u0151tt, vagy ak\u00e1r csal\u00e1di \u00e9s gyerek rendezv\u00e9nyr\u0151l.<\/p>\n","protected":false},"excerpt":{"rendered":"<p>Ig\u00e9nyesen kialak\u00edtott \u00e9s t\u00e1gas termeink alkalmasak ak\u00e1r 100 f\u0151ig fogadni rendezv\u00e9nyeket, esem\u00e9nyeket vagy k\u00f6z\u00f6ns\u00e9gtal\u00e1lkoz\u00f3kat. Az egyes termek szepar\u00e1lhat\u00f3ak, \u00edgy 20-30 f\u0151s sz\u00fclinapok, de ak\u00e1r 60-80 f\u0151s c\u00e9ges csapat\u00e9p\u00edt\u0151knek is kiv\u00e1l\u00f3 helysz\u00ednt tudunk biztos\u00edtani. Kivet\u00edt\u0151 \u00e9s TV k\u00e9sz\u00fcl\u00e9keink, illetve az inspir\u00e1l\u00f3 k\u00f6rnyezet t\u00f6k\u00e9letes c\u00e9ges workshopok, meetupok vagy egy\u00e9b szakmai programok sz\u00e1m\u00e1ra. A felh\u0151tlen kikapcsol\u00f3d\u00e1s t\u00e1rsas- \u00e9s [&hellip;]<\/p>\n","protected":false},"author":1,"featured_media":0,"parent":0,"menu_order":7,"comment_status":"closed","ping_status":"closed","template":"","meta":[],"_yoast_wpseo_content_score":"90","_yoast_wpseo_focuskw":"rendezveny","_yoast_wpseo_linkdex":"27","_yoast_wpseo_metadesc":"Ig\u00e9nyesen kialak\u00edtott \u00e9s t\u00e1gas termeink alkalmasak ak\u00e1r 100 f\u0151ig fogadni rendezv\u00e9nyeket, esem\u00e9nyeket vagy k\u00f6z\u00f6ns\u00e9gtal\u00e1lkoz\u00f3kat.","acf":[],"yoast_head":"<!-- This site is optimized with the Yoast SEO plugin v14.9 - https:\/\/yoast.com\/wordpress\/plugins\/seo\/ -->\n<title>Rendezv\u00e9nyek - EnterBar<\/title>\n<meta name=\"description\" content=\"Ig\u00e9nyesen kialak\u00edtott \u00e9s t\u00e1gas termeink alkalmasak ak\u00e1r 100 f\u0151ig fogadni rendezv\u00e9nyeket, esem\u00e9nyeket vagy k\u00f6z\u00f6ns\u00e9gtal\u00e1lkoz\u00f3kat.\" \/>\n<meta name=\"robots\" content=\"index, follow, max-snippet:-1, max-image-preview:large, max-video-preview:-1\" \/>\n<link rel=\"canonical\" href=\"http:\/\/enterbar.hu\/enteradmin\/rendezvenyek\/\" \/>\n<meta property=\"og:locale\" content=\"hu_HU\" \/>\n<meta property=\"og:type\" content=\"article\" \/>\n<meta property=\"og:title\" content=\"Rendezv\u00e9nyek - EnterBar\" \/>\n<meta property=\"og:description\" content=\"Ig\u00e9nyesen kialak\u00edtott \u00e9s t\u00e1gas termeink alkalmasak ak\u00e1r 100 f\u0151ig fogadni rendezv\u00e9nyeket, esem\u00e9nyeket vagy k\u00f6z\u00f6ns\u00e9gtal\u00e1lkoz\u00f3kat.\" \/>\n<meta property=\"og:url\" content=\"http:\/\/enterbar.hu\/enteradmin\/rendezvenyek\/\" \/>\n<meta property=\"og:site_name\" content=\"EnterBar\" \/>\n<meta property=\"article:modified_time\" content=\"2020-11-05T17:20:18+00:00\" \/>\n<meta name=\"twitter:card\" content=\"summary_large_image\" \/>\n<script type=\"application\/ld+json\" class=\"yoast-schema-graph\">{\"@context\":\"https:\/\/schema.org\",\"@graph\":[{\"@type\":\"WebSite\",\"@id\":\"https:\/\/enterbar.hu\/enteradmin\/#website\",\"url\":\"https:\/\/enterbar.hu\/enteradmin\/\",\"name\":\"EnterBar\",\"description\":\"...egy \\u00fajabb WordPress honlap...\",\"potentialAction\":[{\"@type\":\"SearchAction\",\"target\":\"https:\/\/enterbar.hu\/enteradmin\/?s={search_term_string}\",\"query-input\":\"required name=search_term_string\"}],\"inLanguage\":\"hu\"},{\"@type\":\"WebPage\",\"@id\":\"http:\/\/enterbar.hu\/enteradmin\/rendezvenyek\/#webpage\",\"url\":\"http:\/\/enterbar.hu\/enteradmin\/rendezvenyek\/\",\"name\":\"Rendezv\\u00e9nyek - EnterBar\",\"isPartOf\":{\"@id\":\"https:\/\/enterbar.hu\/enteradmin\/#website\"},\"datePublished\":\"2020-02-09T18:40:07+00:00\",\"dateModified\":\"2020-11-05T17:20:18+00:00\",\"description\":\"Ig\\u00e9nyesen kialak\\u00edtott \\u00e9s t\\u00e1gas termeink alkalmasak ak\\u00e1r 100 f\\u0151ig fogadni rendezv\\u00e9nyeket, esem\\u00e9nyeket vagy k\\u00f6z\\u00f6ns\\u00e9gtal\\u00e1lkoz\\u00f3kat.\",\"inLanguage\":\"hu\",\"potentialAction\":[{\"@type\":\"ReadAction\",\"target\":[\"http:\/\/enterbar.hu\/enteradmin\/rendezvenyek\/\"]}]}]}<\/script>\n<!-- \/ Yoast SEO plugin. -->","yoast_title":"Rendezv\u00e9nyek - EnterBar","yoast_meta":[{"name":"description","content":"Ig\u00e9nyesen kialak\u00edtott \u00e9s t\u00e1gas termeink alkalmasak ak\u00e1r 100 f\u0151ig fogadni rendezv\u00e9nyeket, esem\u00e9nyeket vagy k\u00f6z\u00f6ns\u00e9gtal\u00e1lkoz\u00f3kat."},{"name":"robots","content":"index, follow, max-snippet:-1, max-image-preview:large, max-video-preview:-1"},{"property":"og:locale","content":"hu_HU"},{"property":"og:type","content":"article"},{"property":"og:title","content":"Rendezv\u00e9nyek - EnterBar"},{"property":"og:description","content":"Ig\u00e9nyesen kialak\u00edtott \u00e9s t\u00e1gas termeink alkalmasak ak\u00e1r 100 f\u0151ig fogadni rendezv\u00e9nyeket, esem\u00e9nyeket vagy k\u00f6z\u00f6ns\u00e9gtal\u00e1lkoz\u00f3kat."},{"property":"og:url","content":"http:\/\/enterbar.hu\/enteradmin\/rendezvenyek\/"},{"property":"og:site_name","content":"EnterBar"},{"property":"article:modified_time","content":"2020-11-05T17:20:18+00:00"},{"name":"twitter:card","content":"summary_large_image"}],"yoast_json_ld":[{"@context":"https:\/\/schema.org","@graph":[{"@type":"WebSite","@id":"https:\/\/enterbar.hu\/enteradmin\/#website","url":"https:\/\/enterbar.hu\/enteradmin\/","name":"EnterBar","description":"...egy \u00fajabb WordPress honlap...","potentialAction":[{"@type":"SearchAction","target":"https:\/\/enterbar.hu\/enteradmin\/?s={search_term_string}","query-input":"required name=search_term_string"}],"inLanguage":"hu"},{"@type":"WebPage","@id":"http:\/\/enterbar.hu\/enteradmin\/rendezvenyek\/#webpage","url":"http:\/\/enterbar.hu\/enteradmin\/rendezvenyek\/","name":"Rendezv\u00e9nyek - EnterBar","isPartOf":{"@id":"https:\/\/enterbar.hu\/enteradmin\/#website"},"datePublished":"2020-02-09T18:40:07+00:00","dateModified":"2020-11-05T17:20:18+00:00","description":"Ig\u00e9nyesen kialak\u00edtott \u00e9s t\u00e1gas termeink alkalmasak ak\u00e1r 100 f\u0151ig fogadni rendezv\u00e9nyeket, esem\u00e9nyeket vagy k\u00f6z\u00f6ns\u00e9gtal\u00e1lkoz\u00f3kat.","inLanguage":"hu","potentialAction":[{"@type":"ReadAction","target":["http:\/\/enterbar.hu\/enteradmin\/rendezvenyek\/"]}]}]}],"_links":{"self":[{"href":"https:\/\/enterbar.hu\/enteradmin\/wp-json\/wp\/v2\/pages\/32"}],"collection":[{"href":"https:\/\/enterbar.hu\/enteradmin\/wp-json\/wp\/v2\/pages"}],"about":[{"href":"https:\/\/enterbar.hu\/enteradmin\/wp-json\/wp\/v2\/types\/page"}],"author":[{"embeddable":true,"href":"https:\/\/enterbar.hu\/enteradmin\/wp-json\/wp\/v2\/users\/1"}],"replies":[{"embeddable":true,"href":"https:\/\/enterbar.hu\/enteradmin\/wp-json\/wp\/v2\/comments?post=32"}],"version-history":[{"count":2,"href":"https:\/\/enterbar.hu\/enteradmin\/wp-json\/wp\/v2\/pages\/32\/revisions"}],"predecessor-version":[{"id":132,"href":"https:\/\/enterbar.hu\/enteradmin\/wp-json\/wp\/v2\/pages\/32\/revisions\/132"}],"wp:attachment":[{"href":"https:\/\/enterbar.hu\/enteradmin\/wp-json\/wp\/v2\/media?parent=32"}],"curies":[{"name":"wp","href":"https:\/\/api.w.org\/{rel}","templated":true}]}}