{"id":119,"date":"2020-03-15T13:49:04","date_gmt":"2020-03-15T13:49:04","guid":{"rendered":"http:\/\/enterbar.hu\/enteradmin\/?page_id=119"},"modified":"2023-03-01T20:32:21","modified_gmt":"2023-03-01T20:32:21","slug":"szolgaltatasaink","status":"publish","type":"page","link":"https:\/\/enterbar.hu\/enteradmin\/szolgaltatasaink\/","title":{"rendered":"J\u00e1t\u00e9kok"},"content":{"rendered":"\n<h3><br><strong>T\u00e1rsasj\u00e1t\u00e9kok<\/strong><\/h3>\n\n\n\n<p>Folyamatosan \u00fajdons\u00e1gokkal b\u0151v\u00fcl\u0151 k\u00edn\u00e1latunkban jelenleg 80 k\u00fcl\u00f6nb\u00f6z\u0151 t\u00e1rsasj\u00e1t\u00e9k tal\u00e1lhat\u00f3 a k\u00f6nnyed partyj\u00e1t\u00e9kt\u00f3l a bonyolult \u00e9s \u00f6sszetettebb darabokig.<\/p>\n\n\n\n<h3><br><strong>J\u00e1t\u00e9kkonzolok<\/strong><\/h3>\n\n\n\n<p>Men\u0151 nappali hangulat\u00e1t megid\u00e9z\u0151 k\u00e9nyelemben mer\u00fclhetsz el Xbox One, PS4, Nintendo Switch vagy ak\u00e1r egy retrokonzol el\u0151tt a j\u00e1t\u00e9kban. Game Pass v\u00e1r az Xboxokon!<\/p>\n\n\n\n<div id=\"konzolok\">\n\n\n\n<div class=\"wp-block-columns\">\n<div class=\"wp-block-column\">\n<h3><br><strong>Xbox One<\/strong><\/h3>\n\n\n\n<p class=\"has-text-align-center\">Game Pass el\u0151fizet\u00e9s<br>FIFA22<br>FIFA20<br>Overcooked 2<br>Mortal Kombat XI<br>Mortal kombat XL<br>Soulcalibur VI<br>Injustice 2<\/p>\n<\/div>\n\n\n\n<div class=\"wp-block-column\">\n<h3><br><strong>Playstation 4 <\/strong><\/h3>\n\n\n\n<p class=\"has-text-align-center\">FIFA22<br>FIFA20 <br>Overcooked 2 <br>Mortal Kombat XI <br>Little Big Planet 3 <br>Sackboy<br>Call of Duty: Black Ops 4 <br>Tekken 7 <br>Knowledge is Power + kieg\u00e9sz\u00edt\u0151<\/p>\n<\/div>\n<\/div>\n\n\n\n<p><\/p>\n\n\n\n<h3><br><strong>Nintendo Switch <\/strong><\/h3>\n\n\n\n<p>Mario Kart 8 <br>Super Smash Bros. Ultimate<br>Super Mario Party<br><\/p>\n\n\n\n<\/div>\n\n\n\n<div id=\"highendpc\">\n\n\n\n<p><\/p>\n\n\n\n<p><\/p>\n\n\n\n<p><\/p>\n\n\n\n<\/div>\n\n\n\n<p><\/p>\n\n\n\n<h3><br><strong>T\u00e1rsasj\u00e1t\u00e9k k\u00edn\u00e1latunk: <\/strong><\/h3>\n\n\n\n<p><\/p>\n\n\n\n<div class=\"wp-block-columns\">\n<div class=\"wp-block-column\">\n<p class=\"has-text-align-center\">Smallworld<br>Azul<br>Dice Forge<br>Ticket to Ride Eur\u00f3pa<br>Pandemic: Bevet\u00e9sre k\u00e9szen<br>7Csoda<br>Pandemic<br>\u00c1lomh\u00e1z<br>\u00c1lmodj velem!<br>Cash&#8217;n Guns<br>B\u0171n\u00fcgyi kr\u00f3nik\u00e1k<br>Quarto Classic<br>Quoridor classic<br>Planet &#8211; Egy \u00e9led\u0151 vil\u00e1g a tenyeredben!<br>Concept<br>Concept Kids<br>Dixit (alapj\u00e1t\u00e9k)<br>Dixit Odyssey<br>Vigy\u00e1zat vadnyugat!<\/p>\n<\/div>\n\n\n\n<div class=\"wp-block-column\">\n<p>7Csoda: P\u00e1rbaj<br>Magic Maze<br>L\u00e9pten-nyomon: Amszterdam<br>Go Go Gelato<br>Igen?<br>M\u00fazsa<br>K\u00f3dfejt\u0151<br>\u0170rcsemp\u00e9szek<br>K\u00f6sz\u00f6nt\u00fcnk\u2026\u00e1lmaid v\u00e1ros\u00e1ban!<br>Kingdomino<br>Skicc<br>Robban\u00f3 cic\u00e1k<br>Imagine<br>Agricola Hobby<br>The Mind! &#8211; \u00c9rezz r\u00e1!<br>Panic Lab<br>Activity<br>Tabu<br>Photosynthesis<br>Captain Sonar<\/p>\n<\/div>\n<\/div>\n\n\n\n<p><\/p>\n","protected":false},"excerpt":{"rendered":"<p>T\u00e1rsasj\u00e1t\u00e9kok Folyamatosan \u00fajdons\u00e1gokkal b\u0151v\u00fcl\u0151 k\u00edn\u00e1latunkban jelenleg 80 k\u00fcl\u00f6nb\u00f6z\u0151 t\u00e1rsasj\u00e1t\u00e9k tal\u00e1lhat\u00f3 a k\u00f6nnyed partyj\u00e1t\u00e9kt\u00f3l a bonyolult \u00e9s \u00f6sszetettebb darabokig. J\u00e1t\u00e9kkonzolok Men\u0151 nappali hangulat\u00e1t megid\u00e9z\u0151 k\u00e9nyelemben mer\u00fclhetsz el Xbox One, PS4, Nintendo Switch vagy ak\u00e1r egy retrokonzol el\u0151tt a j\u00e1t\u00e9kban. Game Pass v\u00e1r az Xboxokon! Xbox One Game Pass el\u0151fizet\u00e9sFIFA22FIFA20Overcooked 2Mortal Kombat XIMortal kombat XLSoulcalibur VIInjustice 2 [&hellip;]<\/p>\n","protected":false},"author":1,"featured_media":0,"parent":0,"menu_order":2,"comment_status":"closed","ping_status":"closed","template":"","meta":[],"_yoast_wpseo_content_score":"60","_yoast_wpseo_focuskw":"jatekok, pc, tarsas","_yoast_wpseo_linkdex":"35","_yoast_wpseo_metadesc":"Men\u0151 nappali hangulat\u00e1t megid\u00e9z\u0151 k\u00e9nyelemben mer\u00fclhetsz el Xbox One, PS4, Nintendo Switch vagy ak\u00e1r egy retrokonzol el\u0151tt a j\u00e1t\u00e9kban.","acf":[],"yoast_head":"<!-- This site is optimized with the Yoast SEO plugin v14.9 - https:\/\/yoast.com\/wordpress\/plugins\/seo\/ -->\n<title>J\u00e1t\u00e9kok - EnterBar<\/title>\n<meta name=\"description\" content=\"Men\u0151 nappali hangulat\u00e1t megid\u00e9z\u0151 k\u00e9nyelemben mer\u00fclhetsz el Xbox One, PS4, Nintendo Switch vagy ak\u00e1r egy retrokonzol el\u0151tt a j\u00e1t\u00e9kban.\" \/>\n<meta name=\"robots\" content=\"index, follow, max-snippet:-1, max-image-preview:large, max-video-preview:-1\" \/>\n<link rel=\"canonical\" href=\"http:\/\/enterbar.hu\/enteradmin\/szolgaltatasaink\/\" \/>\n<meta property=\"og:locale\" content=\"hu_HU\" \/>\n<meta property=\"og:type\" content=\"article\" \/>\n<meta property=\"og:title\" content=\"J\u00e1t\u00e9kok - EnterBar\" \/>\n<meta property=\"og:description\" content=\"Men\u0151 nappali hangulat\u00e1t megid\u00e9z\u0151 k\u00e9nyelemben mer\u00fclhetsz el Xbox One, PS4, Nintendo Switch vagy ak\u00e1r egy retrokonzol el\u0151tt a j\u00e1t\u00e9kban.\" \/>\n<meta property=\"og:url\" content=\"http:\/\/enterbar.hu\/enteradmin\/szolgaltatasaink\/\" \/>\n<meta property=\"og:site_name\" content=\"EnterBar\" \/>\n<meta property=\"article:modified_time\" content=\"2023-03-01T20:32:21+00:00\" \/>\n<meta name=\"twitter:card\" content=\"summary_large_image\" \/>\n<script type=\"application\/ld+json\" class=\"yoast-schema-graph\">{\"@context\":\"https:\/\/schema.org\",\"@graph\":[{\"@type\":\"WebSite\",\"@id\":\"https:\/\/enterbar.hu\/enteradmin\/#website\",\"url\":\"https:\/\/enterbar.hu\/enteradmin\/\",\"name\":\"EnterBar\",\"description\":\"...egy \\u00fajabb WordPress honlap...\",\"potentialAction\":[{\"@type\":\"SearchAction\",\"target\":\"https:\/\/enterbar.hu\/enteradmin\/?s={search_term_string}\",\"query-input\":\"required name=search_term_string\"}],\"inLanguage\":\"hu\"},{\"@type\":\"WebPage\",\"@id\":\"http:\/\/enterbar.hu\/enteradmin\/szolgaltatasaink\/#webpage\",\"url\":\"http:\/\/enterbar.hu\/enteradmin\/szolgaltatasaink\/\",\"name\":\"J\\u00e1t\\u00e9kok - EnterBar\",\"isPartOf\":{\"@id\":\"https:\/\/enterbar.hu\/enteradmin\/#website\"},\"datePublished\":\"2020-03-15T13:49:04+00:00\",\"dateModified\":\"2023-03-01T20:32:21+00:00\",\"description\":\"Men\\u0151 nappali hangulat\\u00e1t megid\\u00e9z\\u0151 k\\u00e9nyelemben mer\\u00fclhetsz el Xbox One, PS4, Nintendo Switch vagy ak\\u00e1r egy retrokonzol el\\u0151tt a j\\u00e1t\\u00e9kban.\",\"inLanguage\":\"hu\",\"potentialAction\":[{\"@type\":\"ReadAction\",\"target\":[\"http:\/\/enterbar.hu\/enteradmin\/szolgaltatasaink\/\"]}]}]}<\/script>\n<!-- \/ Yoast SEO plugin. -->","yoast_title":"J\u00e1t\u00e9kok - EnterBar","yoast_meta":[{"name":"description","content":"Men\u0151 nappali hangulat\u00e1t megid\u00e9z\u0151 k\u00e9nyelemben mer\u00fclhetsz el Xbox One, PS4, Nintendo Switch vagy ak\u00e1r egy retrokonzol el\u0151tt a j\u00e1t\u00e9kban."},{"name":"robots","content":"index, follow, max-snippet:-1, max-image-preview:large, max-video-preview:-1"},{"property":"og:locale","content":"hu_HU"},{"property":"og:type","content":"article"},{"property":"og:title","content":"J\u00e1t\u00e9kok - EnterBar"},{"property":"og:description","content":"Men\u0151 nappali hangulat\u00e1t megid\u00e9z\u0151 k\u00e9nyelemben mer\u00fclhetsz el Xbox One, PS4, Nintendo Switch vagy ak\u00e1r egy retrokonzol el\u0151tt a j\u00e1t\u00e9kban."},{"property":"og:url","content":"http:\/\/enterbar.hu\/enteradmin\/szolgaltatasaink\/"},{"property":"og:site_name","content":"EnterBar"},{"property":"article:modified_time","content":"2023-03-01T20:32:21+00:00"},{"name":"twitter:card","content":"summary_large_image"}],"yoast_json_ld":[{"@context":"https:\/\/schema.org","@graph":[{"@type":"WebSite","@id":"https:\/\/enterbar.hu\/enteradmin\/#website","url":"https:\/\/enterbar.hu\/enteradmin\/","name":"EnterBar","description":"...egy \u00fajabb WordPress honlap...","potentialAction":[{"@type":"SearchAction","target":"https:\/\/enterbar.hu\/enteradmin\/?s={search_term_string}","query-input":"required name=search_term_string"}],"inLanguage":"hu"},{"@type":"WebPage","@id":"http:\/\/enterbar.hu\/enteradmin\/szolgaltatasaink\/#webpage","url":"http:\/\/enterbar.hu\/enteradmin\/szolgaltatasaink\/","name":"J\u00e1t\u00e9kok - EnterBar","isPartOf":{"@id":"https:\/\/enterbar.hu\/enteradmin\/#website"},"datePublished":"2020-03-15T13:49:04+00:00","dateModified":"2023-03-01T20:32:21+00:00","description":"Men\u0151 nappali hangulat\u00e1t megid\u00e9z\u0151 k\u00e9nyelemben mer\u00fclhetsz el Xbox One, PS4, Nintendo Switch vagy ak\u00e1r egy retrokonzol el\u0151tt a j\u00e1t\u00e9kban.","inLanguage":"hu","potentialAction":[{"@type":"ReadAction","target":["http:\/\/enterbar.hu\/enteradmin\/szolgaltatasaink\/"]}]}]}],"_links":{"self":[{"href":"https:\/\/enterbar.hu\/enteradmin\/wp-json\/wp\/v2\/pages\/119"}],"collection":[{"href":"https:\/\/enterbar.hu\/enteradmin\/wp-json\/wp\/v2\/pages"}],"about":[{"href":"https:\/\/enterbar.hu\/enteradmin\/wp-json\/wp\/v2\/types\/page"}],"author":[{"embeddable":true,"href":"https:\/\/enterbar.hu\/enteradmin\/wp-json\/wp\/v2\/users\/1"}],"replies":[{"embeddable":true,"href":"https:\/\/enterbar.hu\/enteradmin\/wp-json\/wp\/v2\/comments?post=119"}],"version-history":[{"count":35,"href":"https:\/\/enterbar.hu\/enteradmin\/wp-json\/wp\/v2\/pages\/119\/revisions"}],"predecessor-version":[{"id":744,"href":"https:\/\/enterbar.hu\/enteradmin\/wp-json\/wp\/v2\/pages\/119\/revisions\/744"}],"wp:attachment":[{"href":"https:\/\/enterbar.hu\/enteradmin\/wp-json\/wp\/v2\/media?parent=119"}],"curies":[{"name":"wp","href":"https:\/\/api.w.org\/{rel}","templated":true}]}}