{"id":133,"date":"2020-04-26T20:14:07","date_gmt":"2020-04-26T20:14:07","guid":{"rendered":"http:\/\/enterbar.hu\/enteradmin\/?page_id=133"},"modified":"2025-05-05T15:57:02","modified_gmt":"2025-05-05T15:57:02","slug":"foglalas","status":"publish","type":"page","link":"http:\/\/enterbar.hu\/enteradmin\/foglalas\/","title":{"rendered":"Foglal\u00e1s"},"content":{"rendered":"\n<p class=\"has-text-align-center has-large-font-size\"><strong>Nyitvatart\u00e1sunk:<\/strong><\/p>\n\n\n\n<p class=\"has-text-align-center\"><strong>H\u00e9tf\u0151<\/strong>: 17.00 &#8211; 23.00<\/p>\n\n\n\n<p class=\"has-text-align-center\"><strong>Kedd<\/strong>: 17.00 &#8211; 23.00<\/p>\n\n\n\n<p class=\"has-text-align-center\"><strong>Szerda<\/strong>:&nbsp; 17.00 &#8211; 23.00<\/p>\n\n\n\n<p class=\"has-text-align-center\"><strong>Cs\u00fct\u00f6rt\u00f6k<\/strong>:&nbsp; 17.00 &#8211; 23.00<\/p>\n\n\n\n<p class=\"has-text-align-center\"><strong>P\u00e9ntek<\/strong>:&nbsp; 17.00 &#8211; 23.00<\/p>\n\n\n\n<p class=\"has-text-align-center\"><strong>Szombat<\/strong>: 17.00 &#8211; 23.00<\/p>\n\n\n\n<p class=\"has-text-align-center\"><strong>Vas\u00e1rnap<\/strong>:&nbsp; Z\u00c1RVA<\/p>\n\n\n\n<p><\/p>\n\n\n\n<p><\/p>\n\n\n\n<p class=\"has-text-align-center\">Asztalfoglal\u00e1s, illetve k\u00e9rd\u00e9s eset\u00e9n keress minket bizalommal az al\u00e1bbi el\u00e9rhet\u0151s\u00e9gek valamelyik\u00e9n!<\/p>\n","protected":false},"excerpt":{"rendered":"<p>Nyitvatart\u00e1sunk: H\u00e9tf\u0151: 17.00 &#8211; 23.00 Kedd: 17.00 &#8211; 23.00 Szerda:&nbsp; 17.00 &#8211; 23.00 Cs\u00fct\u00f6rt\u00f6k:&nbsp; 17.00 &#8211; 23.00 P\u00e9ntek:&nbsp; 17.00 &#8211; 23.00 Szombat: 17.00 &#8211; 23.00 Vas\u00e1rnap:&nbsp; Z\u00c1RVA Asztalfoglal\u00e1s, illetve k\u00e9rd\u00e9s eset\u00e9n keress minket bizalommal az al\u00e1bbi el\u00e9rhet\u0151s\u00e9gek valamelyik\u00e9n!<\/p>\n","protected":false},"author":1,"featured_media":0,"parent":0,"menu_order":1,"comment_status":"closed","ping_status":"closed","template":"","meta":[],"_yoast_wpseo_content_score":"60","_yoast_wpseo_focuskw":"","_yoast_wpseo_linkdex":"","_yoast_wpseo_metadesc":"","acf":{"email":{"icon":"http:\/\/enterbar.hu\/enteradmin\/wp-content\/uploads\/2020\/10\/messages-silhouette-1.png","text":"info@enterbar.hu","link":"mailto: info@enterbar.hu"},"telefon":{"icon":"http:\/\/enterbar.hu\/enteradmin\/wp-content\/uploads\/2020\/10\/phone-call-1-1.png","text":"+36 30 335 1160","link":"tel: +36303351160"},"facebook":{"icon":"http:\/\/enterbar.hu\/enteradmin\/wp-content\/uploads\/2020\/10\/facebook-app-symbol-1.png","text":"facebook.com\/Enterbarbudapest","link":"https:\/\/facebook.com\/Enterbarbudapest"}},"yoast_head":"<!-- This site is optimized with the Yoast SEO plugin v14.9 - https:\/\/yoast.com\/wordpress\/plugins\/seo\/ -->\n<title>Foglal\u00e1s - EnterBar<\/title>\n<meta name=\"robots\" content=\"index, follow, max-snippet:-1, max-image-preview:large, max-video-preview:-1\" \/>\n<link rel=\"canonical\" href=\"http:\/\/enterbar.hu\/enteradmin\/foglalas\/\" \/>\n<meta property=\"og:locale\" content=\"hu_HU\" \/>\n<meta property=\"og:type\" content=\"article\" \/>\n<meta property=\"og:title\" content=\"Foglal\u00e1s - EnterBar\" \/>\n<meta property=\"og:description\" content=\"Nyitvatart\u00e1sunk: H\u00e9tf\u0151: 17.00 &#8211; 23.00 Kedd: 17.00 &#8211; 23.00 Szerda:&nbsp; 17.00 &#8211; 23.00 Cs\u00fct\u00f6rt\u00f6k:&nbsp; 17.00 &#8211; 23.00 P\u00e9ntek:&nbsp; 17.00 &#8211; 23.00 Szombat: 17.00 &#8211; 23.00 Vas\u00e1rnap:&nbsp; Z\u00c1RVA Asztalfoglal\u00e1s, illetve k\u00e9rd\u00e9s eset\u00e9n keress minket bizalommal az al\u00e1bbi el\u00e9rhet\u0151s\u00e9gek valamelyik\u00e9n!\" \/>\n<meta property=\"og:url\" content=\"http:\/\/enterbar.hu\/enteradmin\/foglalas\/\" \/>\n<meta property=\"og:site_name\" content=\"EnterBar\" \/>\n<meta property=\"article:modified_time\" content=\"2025-05-05T15:57:02+00:00\" \/>\n<meta name=\"twitter:card\" content=\"summary_large_image\" \/>\n<script type=\"application\/ld+json\" class=\"yoast-schema-graph\">{\"@context\":\"https:\/\/schema.org\",\"@graph\":[{\"@type\":\"WebSite\",\"@id\":\"http:\/\/enterbar.hu\/enteradmin\/#website\",\"url\":\"http:\/\/enterbar.hu\/enteradmin\/\",\"name\":\"EnterBar\",\"description\":\"...egy \\u00fajabb WordPress honlap...\",\"potentialAction\":[{\"@type\":\"SearchAction\",\"target\":\"http:\/\/enterbar.hu\/enteradmin\/?s={search_term_string}\",\"query-input\":\"required name=search_term_string\"}],\"inLanguage\":\"hu\"},{\"@type\":\"WebPage\",\"@id\":\"http:\/\/enterbar.hu\/enteradmin\/foglalas\/#webpage\",\"url\":\"http:\/\/enterbar.hu\/enteradmin\/foglalas\/\",\"name\":\"Foglal\\u00e1s - EnterBar\",\"isPartOf\":{\"@id\":\"http:\/\/enterbar.hu\/enteradmin\/#website\"},\"datePublished\":\"2020-04-26T20:14:07+00:00\",\"dateModified\":\"2025-05-05T15:57:02+00:00\",\"inLanguage\":\"hu\",\"potentialAction\":[{\"@type\":\"ReadAction\",\"target\":[\"http:\/\/enterbar.hu\/enteradmin\/foglalas\/\"]}]}]}<\/script>\n<!-- \/ Yoast SEO plugin. -->","yoast_title":"Foglal\u00e1s - EnterBar","yoast_meta":[{"name":"robots","content":"index, follow, max-snippet:-1, max-image-preview:large, max-video-preview:-1"},{"property":"og:locale","content":"hu_HU"},{"property":"og:type","content":"article"},{"property":"og:title","content":"Foglal\u00e1s - EnterBar"},{"property":"og:description","content":"Nyitvatart\u00e1sunk: H\u00e9tf\u0151: 17.00 \u2013 23.00 Kedd: 17.00 \u2013 23.00 Szerda:\u00a0 17.00 \u2013 23.00 Cs\u00fct\u00f6rt\u00f6k:\u00a0 17.00 \u2013 23.00 P\u00e9ntek:\u00a0 17.00 \u2013 23.00 Szombat: 17.00 \u2013 23.00 Vas\u00e1rnap:\u00a0 Z\u00c1RVA Asztalfoglal\u00e1s, illetve k\u00e9rd\u00e9s eset\u00e9n keress minket bizalommal az al\u00e1bbi el\u00e9rhet\u0151s\u00e9gek valamelyik\u00e9n!"},{"property":"og:url","content":"http:\/\/enterbar.hu\/enteradmin\/foglalas\/"},{"property":"og:site_name","content":"EnterBar"},{"property":"article:modified_time","content":"2025-05-05T15:57:02+00:00"},{"name":"twitter:card","content":"summary_large_image"}],"yoast_json_ld":[{"@context":"https:\/\/schema.org","@graph":[{"@type":"WebSite","@id":"https:\/\/enterbar.hu\/enteradmin\/#website","url":"https:\/\/enterbar.hu\/enteradmin\/","name":"EnterBar","description":"...egy \u00fajabb WordPress honlap...","potentialAction":[{"@type":"SearchAction","target":"https:\/\/enterbar.hu\/enteradmin\/?s={search_term_string}","query-input":"required name=search_term_string"}],"inLanguage":"hu"},{"@type":"WebPage","@id":"http:\/\/enterbar.hu\/enteradmin\/foglalas\/#webpage","url":"http:\/\/enterbar.hu\/enteradmin\/foglalas\/","name":"Foglal\u00e1s - EnterBar","isPartOf":{"@id":"https:\/\/enterbar.hu\/enteradmin\/#website"},"datePublished":"2020-04-26T20:14:07+00:00","dateModified":"2025-05-05T15:57:02+00:00","inLanguage":"hu","potentialAction":[{"@type":"ReadAction","target":["http:\/\/enterbar.hu\/enteradmin\/foglalas\/"]}]}]}],"_links":{"self":[{"href":"http:\/\/enterbar.hu\/enteradmin\/wp-json\/wp\/v2\/pages\/133"}],"collection":[{"href":"http:\/\/enterbar.hu\/enteradmin\/wp-json\/wp\/v2\/pages"}],"about":[{"href":"http:\/\/enterbar.hu\/enteradmin\/wp-json\/wp\/v2\/types\/page"}],"author":[{"embeddable":true,"href":"http:\/\/enterbar.hu\/enteradmin\/wp-json\/wp\/v2\/users\/1"}],"replies":[{"embeddable":true,"href":"http:\/\/enterbar.hu\/enteradmin\/wp-json\/wp\/v2\/comments?post=133"}],"version-history":[{"count":22,"href":"http:\/\/enterbar.hu\/enteradmin\/wp-json\/wp\/v2\/pages\/133\/revisions"}],"predecessor-version":[{"id":781,"href":"http:\/\/enterbar.hu\/enteradmin\/wp-json\/wp\/v2\/pages\/133\/revisions\/781"}],"wp:attachment":[{"href":"http:\/\/enterbar.hu\/enteradmin\/wp-json\/wp\/v2\/media?parent=133"}],"curies":[{"name":"wp","href":"https:\/\/api.w.org\/{rel}","templated":true}]}}